{"id":199,"date":"2020-04-30T18:50:41","date_gmt":"2020-04-30T22:50:41","guid":{"rendered":"https:\/\/courses.bowdoin.edu\/art-history-3570-spring-2020\/?page_id=199"},"modified":"2020-05-06T18:02:45","modified_gmt":"2020-05-06T22:02:45","slug":"samuel-avery","status":"publish","type":"page","link":"https:\/\/courses.bowdoin.edu\/art-history-3570-spring-2020\/gallery-bios\/samuel-avery\/","title":{"rendered":"Samuel Avery"},"content":{"rendered":"<p><strong>Dealer:<\/strong> Samuel Putnam Avery (1822-1904)<sup class=\"modern-footnotes-footnote \" data-mfn=\"1\" data-mfn-post-scope=\"00000000000004170000000000000000_199\"><a href=\"javascript:void(0)\"  role=\"button\" aria-pressed=\"false\" aria-describedby=\"mfn-content-00000000000004170000000000000000_199-1\">1<\/a><\/sup><span id=\"mfn-content-00000000000004170000000000000000_199-1\" role=\"tooltip\" class=\"modern-footnotes-footnote__note\" tabindex=\"0\" data-mfn=\"1\">New York Public Library, \u201cAbout the Samuel Putnam Avery Collection\u201d (web page), New York Public Library (website), accessed April 20, 2020, https:\/\/www.nypl.org\/about\/divisions\/wallach-division\/print-collection\/avery.<\/span><\/p>\n<p><strong>Specialty:<\/strong> Collector of etchings and lithographs, French prints.<\/p>\n<p><strong>Dealer History<\/strong><\/p>\n<p>Samuel Putnam Avery was a successful art dealer in New York whose passion for documenting the art of his time led him to collect 17,775 etchings and lithographs by 978 different artists. The rich collection\u2014which was given to the New York Public Library in 1900\u2014includes an especially large number of French prints. It includes over 400 etchings by Charles Jacque and Edouard Manet, as well as clich\u00e9s-verre by Jean-Baptiste Camille Corot, Charles-Fran\u00e7ois Daubigny, Jean-Fran\u00e7ois Millet, and Th\u00e9odore Rousseau. American artists James McNeil Whistler and Mary Cassatt were also represented. The selection can be attributed both to Avery\u2019s own taste and network, as well as the importance of French printmaking in the second half of the 19th century.<sup class=\"modern-footnotes-footnote \" data-mfn=\"2\" data-mfn-post-scope=\"00000000000004170000000000000000_199\"><a href=\"javascript:void(0)\"  role=\"button\" aria-pressed=\"false\" aria-describedby=\"mfn-content-00000000000004170000000000000000_199-2\">2<\/a><\/sup><span id=\"mfn-content-00000000000004170000000000000000_199-2\" role=\"tooltip\" class=\"modern-footnotes-footnote__note\" tabindex=\"0\" data-mfn=\"2\">New York Public Library, \u201cAbout the Samuel Putnam Avery Collection\u201d (web page), New York Public Library (website), accessed April 20, 2020, <a href=\"https:\/\/www.nypl.org\/about\/divisions\/wallach-division\/print-collection\/avery\" target=\"_blank\" rel=\"noopener noreferrer\">https:\/\/www.nypl.org\/about\/divisions\/wallach-division\/print-collection\/avery<\/a>.<\/span><\/p>\n<p>Avery was sponsored by the founder of Baltimore\u2019s Walters Art Gallery, W.T. Walters, to travel through Europe to purchase contemporary academic paintings for his customers. Throughout his time in Europe, he collected many prints that he later donated to the Library, as well as a collection of books on architecture that the Avery Library at Columbia University centers<br \/>\naround.<sup class=\"modern-footnotes-footnote \" data-mfn=\"3\" data-mfn-post-scope=\"00000000000004170000000000000000_199\"><a href=\"javascript:void(0)\"  role=\"button\" aria-pressed=\"false\" aria-describedby=\"mfn-content-00000000000004170000000000000000_199-3\">3<\/a><\/sup><span id=\"mfn-content-00000000000004170000000000000000_199-3\" role=\"tooltip\" class=\"modern-footnotes-footnote__note\" tabindex=\"0\" data-mfn=\"3\">The Metropolitan Museum of Art, \u201cSamuel P. Avery\u201d (web page), The Met (website), accessed April 20, 2020, <a href=\"https:\/\/www.metmuseum.org\/art\/collection\/search\/436926\" target=\"_blank\" rel=\"noopener noreferrer\">https:\/\/www.metmuseum.org\/art\/collection\/search\/436926<\/a><\/span><\/p>\n<p><strong>Illustrations<\/strong><\/p>\n<figure id=\"attachment_200\" aria-describedby=\"caption-attachment-200\" style=\"width: 242px\" class=\"wp-caption alignnone\"><a href=\"https:\/\/courses.bowdoin.edu\/art-history-3570-spring-2020\/wp-content\/uploads\/sites\/368\/2020\/04\/restricted-1.jpeg\"><img loading=\"lazy\" decoding=\"async\" class=\"wp-image-200 size-medium\" src=\"https:\/\/courses.bowdoin.edu\/art-history-3570-spring-2020\/wp-content\/uploads\/sites\/368\/2020\/04\/restricted-1-242x300.jpeg\" alt=\"\" width=\"242\" height=\"300\" srcset=\"https:\/\/courses.bowdoin.edu\/art-history-3570-spring-2020\/wp-content\/uploads\/sites\/368\/2020\/04\/restricted-1-242x300.jpeg 242w, https:\/\/courses.bowdoin.edu\/art-history-3570-spring-2020\/wp-content\/uploads\/sites\/368\/2020\/04\/restricted-1.jpeg 484w\" sizes=\"auto, (max-width: 242px) 100vw, 242px\" \/><\/a><figcaption id=\"caption-attachment-200\" class=\"wp-caption-text\">Samuel P. Avery, Raimundo de Madrazo y Garreta, oil on wood, 1876, The Metropolitan Art Museum.<\/figcaption><\/figure>\n<p><strong>Date Written<\/strong>: April 20, 2020<\/p>\n<p><strong>Contributors<\/strong>: MP<\/p>\n<p><a href=\"https:\/\/courses.bowdoin.edu\/art-history-3570-spring-2020\/wp-content\/uploads\/sites\/368\/2020\/05\/Samuel-Avery-Dealer-Bio.docx-1.pdf\" target=\"_blank\" rel=\"noopener noreferrer\">Samuel Avery Dealer Bio PDF<\/a><\/p>\n<p><strong>Secondary Sources<\/strong><\/p>\n<p>New York Public Library. \u201cAbout the Samuel Putnam Avery Collection\u201d (web page). New York Public Library (website). Accessed April 20, 2020.<br \/>\n<a href=\"https:\/\/www.nypl.org\/about\/divisions\/wallach-division\/print-collection\/avery\" target=\"_blank\" rel=\"noopener noreferrer\">https:\/\/www.nypl.org\/about\/divisions\/wallach-division\/print-collection\/avery<\/a>.<\/p>\n<p>The Metropolitan Museum of Art. \u201cSamuel P. Avery\u201d (web page). The Met (website). Accessed April 20, 2020. <a href=\"https:\/\/www.metmuseum.org\/art\/collection\/search\/436926\" target=\"_blank\" rel=\"noopener noreferrer\">https:\/\/www.metmuseum.org\/art\/collection\/search\/436926<\/a>.<\/p>\n","protected":false},"excerpt":{"rendered":"<p>Dealer: Samuel Putnam Avery (1822-1904) Specialty: Collector of etchings and lithographs, French prints. Dealer History Samuel Putnam Avery was a successful art dealer in New York whose passion for documenting the art of his time led him to collect 17,775 etchings and lithographs by 978 different artists. The rich collection\u2014which was given to the New [&hellip;]<\/p>\n","protected":false},"author":795,"featured_media":200,"parent":40,"menu_order":0,"comment_status":"closed","ping_status":"closed","template":"","meta":{"footnotes":""},"class_list":["post-199","page","type-page","status-publish","has-post-thumbnail","hentry"],"_links":{"self":[{"href":"https:\/\/courses.bowdoin.edu\/art-history-3570-spring-2020\/wp-json\/wp\/v2\/pages\/199","targetHints":{"allow":["GET"]}}],"collection":[{"href":"https:\/\/courses.bowdoin.edu\/art-history-3570-spring-2020\/wp-json\/wp\/v2\/pages"}],"about":[{"href":"https:\/\/courses.bowdoin.edu\/art-history-3570-spring-2020\/wp-json\/wp\/v2\/types\/page"}],"author":[{"embeddable":true,"href":"https:\/\/courses.bowdoin.edu\/art-history-3570-spring-2020\/wp-json\/wp\/v2\/users\/795"}],"replies":[{"embeddable":true,"href":"https:\/\/courses.bowdoin.edu\/art-history-3570-spring-2020\/wp-json\/wp\/v2\/comments?post=199"}],"version-history":[{"count":0,"href":"https:\/\/courses.bowdoin.edu\/art-history-3570-spring-2020\/wp-json\/wp\/v2\/pages\/199\/revisions"}],"up":[{"embeddable":true,"href":"https:\/\/courses.bowdoin.edu\/art-history-3570-spring-2020\/wp-json\/wp\/v2\/pages\/40"}],"wp:featuredmedia":[{"embeddable":true,"href":"https:\/\/courses.bowdoin.edu\/art-history-3570-spring-2020\/wp-json\/wp\/v2\/media\/200"}],"wp:attachment":[{"href":"https:\/\/courses.bowdoin.edu\/art-history-3570-spring-2020\/wp-json\/wp\/v2\/media?parent=199"}],"curies":[{"name":"wp","href":"https:\/\/api.w.org\/{rel}","templated":true}]}}