{"id":75,"date":"2019-10-08T19:21:11","date_gmt":"2019-10-08T19:21:11","guid":{"rendered":"https:\/\/courses.bowdoin.edu\/digital-computational-studies-2645-fall-2019-prwarner\/?page_id=75"},"modified":"2019-12-10T18:04:14","modified_gmt":"2019-12-10T18:04:14","slug":"me-myself-and-i","status":"publish","type":"page","link":"https:\/\/courses.bowdoin.edu\/digital-computational-studies-2645-fall-2019-prwarner\/me-myself-and-i\/","title":{"rendered":"Chef&#8217;s Table: P\u00e1treeck W\u00e5r\u00f1\u00ebr"},"content":{"rendered":"<p style=\"text-align: center\">[ensemblevideo contentid=5e9c6b04-482d-469c-b03f-0ca6c94d59c6]<\/p>\n","protected":false},"excerpt":{"rendered":"<p>[ensemblevideo contentid=5e9c6b04-482d-469c-b03f-0ca6c94d59c6]<\/p>\n","protected":false},"author":880,"featured_media":112,"parent":0,"menu_order":0,"comment_status":"closed","ping_status":"closed","template":"","meta":{"footnotes":""},"class_list":["post-75","page","type-page","status-publish","has-post-thumbnail","hentry"],"_links":{"self":[{"href":"https:\/\/courses.bowdoin.edu\/digital-computational-studies-2645-fall-2019-prwarner\/wp-json\/wp\/v2\/pages\/75","targetHints":{"allow":["GET"]}}],"collection":[{"href":"https:\/\/courses.bowdoin.edu\/digital-computational-studies-2645-fall-2019-prwarner\/wp-json\/wp\/v2\/pages"}],"about":[{"href":"https:\/\/courses.bowdoin.edu\/digital-computational-studies-2645-fall-2019-prwarner\/wp-json\/wp\/v2\/types\/page"}],"author":[{"embeddable":true,"href":"https:\/\/courses.bowdoin.edu\/digital-computational-studies-2645-fall-2019-prwarner\/wp-json\/wp\/v2\/users\/880"}],"replies":[{"embeddable":true,"href":"https:\/\/courses.bowdoin.edu\/digital-computational-studies-2645-fall-2019-prwarner\/wp-json\/wp\/v2\/comments?post=75"}],"version-history":[{"count":0,"href":"https:\/\/courses.bowdoin.edu\/digital-computational-studies-2645-fall-2019-prwarner\/wp-json\/wp\/v2\/pages\/75\/revisions"}],"wp:featuredmedia":[{"embeddable":true,"href":"https:\/\/courses.bowdoin.edu\/digital-computational-studies-2645-fall-2019-prwarner\/wp-json\/wp\/v2\/media\/112"}],"wp:attachment":[{"href":"https:\/\/courses.bowdoin.edu\/digital-computational-studies-2645-fall-2019-prwarner\/wp-json\/wp\/v2\/media?parent=75"}],"curies":[{"name":"wp","href":"https:\/\/api.w.org\/{rel}","templated":true}]}}