{"id":224,"date":"2018-05-13T14:34:09","date_gmt":"2018-05-13T18:34:09","guid":{"rendered":"https:\/\/courses.bowdoin.edu\/education-2272-spring-2018-ivakkur\/?page_id=224"},"modified":"2018-05-18T21:59:25","modified_gmt":"2018-05-19T01:59:25","slug":"cited-materials","status":"publish","type":"page","link":"https:\/\/courses.bowdoin.edu\/education-2272-spring-2018-ivakkur\/cited-materials\/","title":{"rendered":"Cited Materials"},"content":{"rendered":"<ul>\n<li><span style=\"font-weight: 400\">Bland, E. (2015). \u201cCalifornia Blazes Trail with New Sex Education Mandates\u201d. <\/span><i><span style=\"font-weight: 400\">Education Week.<\/span><\/i><span style=\"font-weight: 400\"> 35(8).<\/span><\/li>\n<li><span style=\"font-weight: 400\">Castro, F. D., Rojas-Mart\u00ednez, R., Villalobos-Hern\u00e1ndez, A., Allen-Leigh, B., Breverman-Bronstein, A., Billings, D. L., &amp; Uribe-Z\u00fa\u00f1iga, P. (2018). Sexual and reproductive health outcomes are positively associated with comprehensive sexual education exposure in Mexican high-school students. <\/span><i><span style=\"font-weight: 400\">Plos One,13<\/span><\/i><span style=\"font-weight: 400\">(3).<\/span><\/li>\n<li><span style=\"font-weight: 400\">National Conference of State Legislatures. (2016). <\/span><i><span style=\"font-weight: 400\">State Policies on Sex Education in Schools<\/span><\/i><span style=\"font-weight: 400\">.\u00a0<\/span><\/li>\n<li>Orenstein, P. (2017). \u201cWe Aren\u2019t Doing Enough to Teach Girls About Sex (Q&amp;A)\u201d. <i style=\"font-size: 1rem\">Education Week.<\/i><span style=\"font-weight: 400\"> 36(30).<\/span><\/li>\n<li><span style=\"font-weight: 400\">Shrivastava SR, Shrivastava PS, Ramasamy J. (2017). <\/span><i><span style=\"font-weight: 400\">Responding to the sensitive issue of sexual health by improving awareness and sexual education<\/span><\/i><span style=\"font-weight: 400\">. Ann Trop Med Public Health. 10. 799-800.<\/span><\/li>\n<li><span style=\"font-weight: 400\">Santelli, J. Kantor, L., Grilo, S. et al. (2017). <\/span><i><span style=\"font-weight: 400\">Abstinence-Only-Until-Marriage: An Updated Review of U.S. Policies and Programs and Their Impact.<\/span><\/i><span style=\"font-weight: 400\"> Journal of Adolescent Health. 61(3). 273-280.<\/span><\/li>\n<li><span style=\"font-weight: 400\">Chin, H.B., Sipe, T.A., Elder, R. et al. <\/span><i style=\"font-size: 1rem\">The effectiveness of group-based comprehensive risk-reduction and abstinence education interventions to prevent or reduce the risk of adolescent pregnancy, human immunodeficiency virus, and sexually transmitted Infections: Two systematic reviews for the Guide to community preventive services.<\/i><span style=\"font-weight: 400\"> Am J Prev Med. 2012; 42: 272\u2013294<\/span><\/li>\n<li>Noughani F, Mohtashami J. (2011). Effect of Education on Prevention of Domestic Violence against Women.\u00a0<i>Iranian Journal of Psychiatry<\/i>. 6(2):80-83.<\/li>\n<li><span style=\"font-weight: 400\">Sexuality Information and Education Council of the United States (SIECUS). (2009). <\/span><i><span style=\"font-weight: 400\">What is Comprehensive Sex Education? Fact Sheet<\/span><\/i><span style=\"font-weight: 400\">. <\/span><\/li>\n<\/ul>\n<p>&nbsp;<\/p>\n<p>IMAGES<\/p>\n<ul>\n<li>Swanomurphy, O. (2015). <em>Sex Education<\/em>. [Photograph]. Retrieved from:\u00a0https:\/\/www.huffingtonpost.ca\/karyn-pickles\/ontario-sex-education-curriculum-update_b_6746012.html<\/li>\n<li>Wikimedia Commons. (2018). <em>Condoms<\/em>. [Photograph].\u00a0Retrieved from:\u00a0http:\/\/lindenlink.com\/2018\/04\/13\/opinion-abstinence-sex-education-harms-students\/<\/li>\n<li style=\"list-style-type: none\"><\/li>\n<\/ul>\n","protected":false},"excerpt":{"rendered":"<p>Bland, E. (2015). \u201cCalifornia Blazes Trail with New Sex Education Mandates\u201d. Education Week. 35(8). Castro, F. D., Rojas-Mart\u00ednez, R., Villalobos-Hern\u00e1ndez, A., Allen-Leigh, B., Breverman-Bronstein, A., Billings, D. L., &amp; Uribe-Z\u00fa\u00f1iga, P. (2018). Sexual and reproductive health outcomes are positively associated with comprehensive sexual education exposure in Mexican high-school students. Plos One,13(3). National Conference of State [&hellip;]<\/p>\n","protected":false},"author":667,"featured_media":0,"parent":0,"menu_order":0,"comment_status":"closed","ping_status":"closed","template":"","meta":{"footnotes":""},"class_list":["post-224","page","type-page","status-publish","hentry"],"_links":{"self":[{"href":"https:\/\/courses.bowdoin.edu\/education-2272-spring-2018-ivakkur\/wp-json\/wp\/v2\/pages\/224","targetHints":{"allow":["GET"]}}],"collection":[{"href":"https:\/\/courses.bowdoin.edu\/education-2272-spring-2018-ivakkur\/wp-json\/wp\/v2\/pages"}],"about":[{"href":"https:\/\/courses.bowdoin.edu\/education-2272-spring-2018-ivakkur\/wp-json\/wp\/v2\/types\/page"}],"author":[{"embeddable":true,"href":"https:\/\/courses.bowdoin.edu\/education-2272-spring-2018-ivakkur\/wp-json\/wp\/v2\/users\/667"}],"replies":[{"embeddable":true,"href":"https:\/\/courses.bowdoin.edu\/education-2272-spring-2018-ivakkur\/wp-json\/wp\/v2\/comments?post=224"}],"version-history":[{"count":0,"href":"https:\/\/courses.bowdoin.edu\/education-2272-spring-2018-ivakkur\/wp-json\/wp\/v2\/pages\/224\/revisions"}],"wp:attachment":[{"href":"https:\/\/courses.bowdoin.edu\/education-2272-spring-2018-ivakkur\/wp-json\/wp\/v2\/media?parent=224"}],"curies":[{"name":"wp","href":"https:\/\/api.w.org\/{rel}","templated":true}]}}