{"id":119,"date":"2015-01-26T10:51:34","date_gmt":"2015-01-26T15:51:34","guid":{"rendered":"https:\/\/courses.bowdoin.edu\/german-2204-spring-2015\/?page_id=119"},"modified":"2015-04-19T19:56:35","modified_gmt":"2015-04-19T23:56:35","slug":"cait-links","status":"publish","type":"page","link":"https:\/\/courses.bowdoin.edu\/german-2204-spring-2015\/cait-links\/","title":{"rendered":"Cait &#8211; Links"},"content":{"rendered":"<p><strong>Roger Federer &#8211; ein mehrsprachiger Mensch<\/strong><\/p>\n<p><iframe loading=\"lazy\" title=\"2010 ATP Paris Interview Roger Federer Showing His Multi-language Skills\" width=\"625\" height=\"352\" src=\"https:\/\/www.youtube.com\/embed\/8E4QdBhilgs?feature=oembed\" frameborder=\"0\" allow=\"accelerometer; autoplay; clipboard-write; encrypted-media; gyroscope; picture-in-picture; web-share\" referrerpolicy=\"strict-origin-when-cross-origin\" allowfullscreen><\/iframe><\/p>\n<p>&nbsp;<\/p>\n<p><strong>W\u00f6rterb\u00fccher f\u00fcr Dialekte&#8230;<\/strong><\/p>\n<p><strong><a title=\"Deutsch - Bairisches W\u00f6rterbuch\" href=\"http:\/\/www.deutsch-bairisch.de\/index.html\" target=\"_blank\">Deutsch &#8211; Bairisches W\u00f6rterbuch\u00a0<\/a><\/strong><\/p>\n<p><strong><a href=\"http:\/\/www.paukerin.com\/#\/wb\/DE\/SC\/\" target=\"_blank\">Deutsch &#8211; Schwiizert\u00fc\u00fctsch W\u00f6rterbuch<\/a><\/strong><\/p>\n<p>&nbsp;<\/p>\n<p><strong>Slang<\/strong><\/p>\n<p>Dokumente:\u00a0<a title=\"Slang 1\" href=\"https:\/\/docs.google.com\/document\/d\/1cxyxxlFpL2kTFbSfoJmUf5h3JYJLTGxSihLsR0CtxsU\/edit?usp=sharing\" target=\"_blank\">https:\/\/docs.google.com\/document\/d\/1cxyxxlFpL2kTFbSfoJmUf5h3JYJLTGxSihLsR0CtxsU\/edit?usp=sharing<\/a><\/p>\n<p><a title=\"Slang 2\" href=\"https:\/\/docs.google.com\/document\/d\/1MGkKz7O4Wau6Qx_bbBBGSKPFfNMU47lgOaT_Ht9JJBM\/edit?usp=sharing\" target=\"_blank\">https:\/\/docs.google.com\/document\/d\/1MGkKz7O4Wau6Qx_bbBBGSKPFfNMU47lgOaT_Ht9JJBM\/edit?usp=sharing<\/a><\/p>\n<p><a title=\"Slang 3\" href=\"https:\/\/docs.google.com\/document\/d\/13UJrcdKb9l_olaB1arx-PNprh7AByV9jWJH7PXZD4Do\/edit?usp=sharing\" target=\"_blank\">https:\/\/docs.google.com\/document\/d\/13UJrcdKb9l_olaB1arx-PNprh7AByV9jWJH7PXZD4Do\/edit?usp=sharing<\/a><\/p>\n<p>&nbsp;<\/p>\n<p><a title=\"Slang 1\" href=\"https:\/\/docs.google.com\/document\/d\/1cxyxxlFpL2kTFbSfoJmUf5h3JYJLTGxSihLsR0CtxsU\/edit?usp=sharing\" target=\"_blank\"><strong><em>Spieglein Spieglein <\/em>(Schneewittchen Film)<\/strong> &#8211; Trailer auf deutsch<\/a><\/p>\n<p><iframe loading=\"lazy\" title=\"SPIEGLEIN SPIEGLEIN - DIE WIRKLICH WAHRE GESCHICHTE VON SCHNEEWITTCHEN | Trailer [HD]\" width=\"625\" height=\"352\" src=\"https:\/\/www.youtube.com\/embed\/yXPR2uHfDjc?feature=oembed\" frameborder=\"0\" allow=\"accelerometer; autoplay; clipboard-write; encrypted-media; gyroscope; picture-in-picture; web-share\" referrerpolicy=\"strict-origin-when-cross-origin\" allowfullscreen><\/iframe><\/p>\n<p><strong>Aschenputtel &#8211; <\/strong>Trailor auf deutsch<\/p>\n<p><iframe loading=\"lazy\" title=\"CINDERELLA Trailer German Deutsch (2015)\" width=\"625\" height=\"352\" src=\"https:\/\/www.youtube.com\/embed\/uTnn0wID8TI?feature=oembed\" frameborder=\"0\" allow=\"accelerometer; autoplay; clipboard-write; encrypted-media; gyroscope; picture-in-picture; web-share\" referrerpolicy=\"strict-origin-when-cross-origin\" allowfullscreen><\/iframe><\/p>\n<p><strong><em>&#8220;Lass jetzt los&#8221; &#8211; Frozen<\/em><br \/>\n<\/strong><\/p>\n<p><iframe loading=\"lazy\" title=\"Let It Go - Sing Along - Song: DIE EISK\u00d6NIGIN - V\u00d6LLIG UNVERFROREN - Music: Frozen - Disney\" width=\"625\" height=\"352\" src=\"https:\/\/www.youtube.com\/embed\/BjwDV1Is34U?feature=oembed\" frameborder=\"0\" allow=\"accelerometer; autoplay; clipboard-write; encrypted-media; gyroscope; picture-in-picture; web-share\" referrerpolicy=\"strict-origin-when-cross-origin\" allowfullscreen><\/iframe><\/p>\n<p><strong>&#8220;Ohne zur\u00fcck zu sehen&#8221; &#8211; Tim Bendzko &#8211; <\/strong>Ein Lied f\u00fcr den deutschen <em>Spiderman<\/em> Film<\/p>\n<p><iframe loading=\"lazy\" title=\"Tim Bendzko - Ohne zur\u00fcck zu sehen (Offizielles Video)\" width=\"625\" height=\"352\" src=\"https:\/\/www.youtube.com\/embed\/pff1TfbljF4?feature=oembed\" frameborder=\"0\" allow=\"accelerometer; autoplay; clipboard-write; encrypted-media; gyroscope; picture-in-picture; web-share\" referrerpolicy=\"strict-origin-when-cross-origin\" allowfullscreen><\/iframe><\/p>\n<p><strong>&#8220;Unperfekt&#8221; &#8211; Maeckes &#8211; <\/strong>akustische Version<\/p>\n<p><iframe loading=\"lazy\" title=\"Maeckes - Unperfekt (Gitarrenversion 2014)\" width=\"625\" height=\"352\" src=\"https:\/\/www.youtube.com\/embed\/8CSVTi_5caw?feature=oembed\" frameborder=\"0\" allow=\"accelerometer; autoplay; clipboard-write; encrypted-media; gyroscope; picture-in-picture; web-share\" referrerpolicy=\"strict-origin-when-cross-origin\" allowfullscreen><\/iframe><\/p>\n<p><strong>&#8220;Auf uns&#8221; von Andreas Bourani &#8211; <\/strong>Ein Lied f\u00fcr die Weltmeisterschaft 2014<strong><br \/>\n<\/strong><\/p>\n<p><a href=\"https:\/\/www.youtube.com\/watch?v=MYNLQjrBVPo\">https:\/\/www.youtube.com\/watch?v=MYNLQjrBVPo<\/a><\/p>\n<p>&nbsp;<\/p>\n","protected":false},"excerpt":{"rendered":"<p>Roger Federer &#8211; ein mehrsprachiger Mensch &nbsp; W\u00f6rterb\u00fccher f\u00fcr Dialekte&#8230; Deutsch &#8211; Bairisches W\u00f6rterbuch\u00a0 Deutsch &#8211; Schwiizert\u00fc\u00fctsch W\u00f6rterbuch &nbsp; Slang Dokumente:\u00a0https:\/\/docs.google.com\/document\/d\/1cxyxxlFpL2kTFbSfoJmUf5h3JYJLTGxSihLsR0CtxsU\/edit?usp=sharing https:\/\/docs.google.com\/document\/d\/1MGkKz7O4Wau6Qx_bbBBGSKPFfNMU47lgOaT_Ht9JJBM\/edit?usp=sharing https:\/\/docs.google.com\/document\/d\/13UJrcdKb9l_olaB1arx-PNprh7AByV9jWJH7PXZD4Do\/edit?usp=sharing &nbsp; Spieglein Spieglein (Schneewittchen Film) &#8211; Trailer auf deutsch Aschenputtel &#8211; Trailor auf deutsch &#8220;Lass jetzt los&#8221; &#8211; Frozen &#8220;Ohne zur\u00fcck zu sehen&#8221; &#8211; Tim Bendzko &#8211; Ein Lied f\u00fcr den deutschen [&hellip;]<\/p>\n","protected":false},"author":208,"featured_media":0,"parent":0,"menu_order":0,"comment_status":"closed","ping_status":"closed","template":"","meta":{"footnotes":""},"class_list":["post-119","page","type-page","status-publish","hentry"],"_links":{"self":[{"href":"https:\/\/courses.bowdoin.edu\/german-2204-spring-2015\/wp-json\/wp\/v2\/pages\/119","targetHints":{"allow":["GET"]}}],"collection":[{"href":"https:\/\/courses.bowdoin.edu\/german-2204-spring-2015\/wp-json\/wp\/v2\/pages"}],"about":[{"href":"https:\/\/courses.bowdoin.edu\/german-2204-spring-2015\/wp-json\/wp\/v2\/types\/page"}],"author":[{"embeddable":true,"href":"https:\/\/courses.bowdoin.edu\/german-2204-spring-2015\/wp-json\/wp\/v2\/users\/208"}],"replies":[{"embeddable":true,"href":"https:\/\/courses.bowdoin.edu\/german-2204-spring-2015\/wp-json\/wp\/v2\/comments?post=119"}],"version-history":[{"count":0,"href":"https:\/\/courses.bowdoin.edu\/german-2204-spring-2015\/wp-json\/wp\/v2\/pages\/119\/revisions"}],"wp:attachment":[{"href":"https:\/\/courses.bowdoin.edu\/german-2204-spring-2015\/wp-json\/wp\/v2\/media?parent=119"}],"curies":[{"name":"wp","href":"https:\/\/api.w.org\/{rel}","templated":true}]}}