{"id":48,"date":"2015-01-07T15:15:59","date_gmt":"2015-01-07T20:15:59","guid":{"rendered":"https:\/\/courses.bowdoin.edu\/german-2204-spring-2015\/?page_id=48"},"modified":"2015-02-22T21:17:54","modified_gmt":"2015-02-23T02:17:54","slug":"einheit-8","status":"publish","type":"page","link":"https:\/\/courses.bowdoin.edu\/german-2204-spring-2015\/einheit-8\/","title":{"rendered":"Einheit 8: Umgang mit der Vergangenheit"},"content":{"rendered":"<table width=\"643\">\n<tbody>\n<tr>\n<td width=\"308\"><strong>4. WOCHE <\/strong><\/td>\n<td width=\"335\"><strong>\u00a0<\/strong><\/td>\n<\/tr>\n<\/tbody>\n<\/table>\n<p><strong>Die Hausaufgaben (am n\u00e4chsten Tag f\u00e4llig)<\/strong><\/p>\n<p><strong><span style=\"text-decoration: underline\">Fr: 06.02. (Hausaufgaben f\u00fcr Montag)<\/span><\/strong><\/p>\n<ol>\n<li>Beginnen Sie, den neuen Wortschatz zu lernen: S. 274-275 und Redemittel S. 248, 249, 255, 257, 268. <strong>*<\/strong><strong>Schreiben Sie<\/strong> 10 S\u00e4tze mit den neuen W\u00f6rtern.<\/li>\n<li>Sehen Sie die ersten 5 Minuten von dem Film \u201e<a href=\"https:\/\/www.youtube.com\/watch?v=QHPefH_AmoY\" target=\"_blank\">Germania Anno Zero<\/a>\u201c:<\/li>\n<li>Sehen Sie auch diese Szene in Billy Wilders <a href=\"https:\/\/www.youtube.com\/watch?v=3U1k07wUE0E\" target=\"_blank\">A Foreign Affair \u2013 Tour durch Berlin<\/a><\/li>\n<li>Machen Sie Notizen: Was sehen Sie? Wie sieht Deutschland nach dem Krieg aus?<\/li>\n<\/ol>\n<p><strong><span style=\"text-decoration: underline\">Mo, 09. Februar (Hausaufgaben f\u00fcr Mittwoch)<\/span><\/strong><\/p>\n<ol>\n<li>Bereiten Sie sich auf eine Diskussion des Gedichtes \u201cTodesfuge\u201d von Paul Celan vor.<\/li>\n<li><span style=\"text-decoration: underline\">AG<\/span>: S.252-255 <em>gr\u00fcndlich<\/em> lesen &amp; \u00dcbungen 1-5 machen; machen Sie <em>sehr gute Notizen zum Gedicht<\/em>!<\/li>\n<li>Please take the time to fill out a <a href=\"https:\/\/www.surveymonkey.com\/s\/965KF5Z\" target=\"_blank\">midterm feedback form<\/a>. I like to do this early to get any feedback you might have about the course. <a href=\"https:\/\/www.surveymonkey.com\/s\/965KF5Z\" target=\"_blank\">Here is the link <\/a>&#8211; there are only two questions, please take a couple of minutes to let me know what you think is going well and what could be improved in the course!<\/li>\n<\/ol>\n<p><strong><span style=\"text-decoration: underline\">Mi: 11. Februar (Hausaufgaben f\u00fcr Freitag)<\/span><\/strong><\/p>\n<ol>\n<li>*\u00dcb 8. Schreiben Sie Ihre Reaktion auf das Celan-Gedicht. Benutzen Sie die 3 Fragen auf S.255 unter \u00dcbung 7 als Hilfe f\u00fcr die Interpretation. (100 W\u00f6rter)<\/li>\n<li>Bereiten Sie sich auf eine Diskussion von <em>Deutschland, bleiche Mutter<\/em> Sehen <a href=\"http:\/\/www.filmportal.de\/node\/47727\/gallery\">Sie hier die Bilder vom Film<\/a>. Machen Sie Notizen. Was sehen Sie? <span style=\"text-decoration: underline\">AG<\/span>: lesen Sie S.258 \u201cFilmbeschreibung\u201d \u2013 was f\u00fcr ein Film ist das?<\/li>\n<li>Strukturen: <em>Temporale Konjunktionen und temporale Pr\u00e4positionen <\/em>im Buch schreiben Sie 259-260 plus <a href=\"https:\/\/dl.dropboxusercontent.com\/u\/10985280\/2204\/Strukturen259.pdf\" target=\"_blank\">\u00dcbungsbuch<\/a>, wenn Sie mehr \u00dcbung brauchen\/wollen. (<a href=\"https:\/\/dl.dropboxusercontent.com\/u\/10985280\/2204\/GrammatikE8Erklaerung.pdf\" target=\"_blank\">Grammar Explanations<\/a>)<\/li>\n<li>If you didn&#8217;t already fill it out &#8211; please take the time to <a href=\"https:\/\/www.surveymonkey.com\/s\/965KF5Z\" target=\"_blank\">give me some midterm feedback<\/a> on the course thus far.<\/li>\n<\/ol>\n<p><strong><span style=\"text-decoration: underline\">Fr: 13. Februar (Hausaufgaben f\u00fcr Montag)<\/span><\/strong><\/p>\n<ol>\n<li><em>Hausaufgabenportfolio 2 f\u00fcr Montag<\/em><\/li>\n<li>Der R\u00e4ubergr\u00e4utigam \u2013 Lesen Sie das ganze M\u00e4rchen, AG S. 261-265, und \u00dcbung 2 machen S. 267 (Zusammenfassung)<\/li>\n<li>Strukturen: <em>Neben- und unterordnende Konjunktionen, adverbiale Konjunktionen<\/em>, S. 266-267 im Buch schreiben (<a href=\"https:\/\/dl.dropboxusercontent.com\/u\/10985280\/2204\/GrammatikE8Erklaerung.pdf\">Grammar Explanations<\/a>) &#8211; [I just realized how difficult this is &#8211; we will go over it together in class, just skim through the explanations!]<\/li>\n<li>*plus <a href=\"https:\/\/dl.dropboxusercontent.com\/u\/10985280\/2204\/Strukturen266.pdf\">\u00dcbungsbuch<\/a>, S.266 wenn\/wann\/als \u2013 alle machen S. 266<\/li>\n<li>Nicht vergessen: Wortschatz sollte man jeden Tag \u00fcben &#8211; nicht nur vor der Pr\u00fcfung! (Wortschatz S. 274-275 und Redemittel S. 248, 249, 255, 257, 268)<\/li>\n<li>auf Wunsch [optional]: Wenn Sie\u00a0den Aufsatz korrigieren <span style=\"text-decoration: underline\">m\u00f6chten<\/span>, k\u00f6nnen Sie das gern <span style=\"text-decoration: underline\">bis Mittwoch\u00a0<\/span>machen. Sie\u00a0k\u00f6nnen 2-3 extra P\u00fcnkte daf\u00fcr bekommen ( + 2-3%).<\/li>\n<li>If you didn&#8217;t already fill it out &#8211; please take the time to <a href=\"https:\/\/www.surveymonkey.com\/s\/965KF5Z\" target=\"_blank\">give me some midterm feedback<\/a> on the course thus far. And thanks to those of you who already did!<\/li>\n<\/ol>\n<p><strong>So, 15.2. 19.00 FILM: <em>Deutschland, bleiche Mutter<\/em> (1980), Smith Auditorium 7-9pm (123 Min.) \/ oder Sie k\u00f6nnen den Film im LMC sehen (<a href=\"http:\/\/library.bowdoin.edu\/about-the-library\/hours-lmc.shtml\" target=\"_blank\">\u00d6ffnungszeiten<\/a>)<\/strong><\/p>\n<table width=\"643\">\n<tbody>\n<tr>\n<td width=\"308\"><strong>5. WOCHE <\/strong><\/td>\n<td width=\"335\"><strong>\u00a0<\/strong><\/td>\n<\/tr>\n<\/tbody>\n<\/table>\n<p><strong><span style=\"text-decoration: underline\">Mo: 16. Februar (Hausaufgaben f\u00fcr Mittwoch)<\/span><\/strong><\/p>\n<ol>\n<li><em>Hausaufgabenportfolio 2 f\u00e4llig<\/em><\/li>\n<li>AG, S. 271-272 \u2013\u00dcbungen 4-5,<\/li>\n<li>*<strong>schreiben<\/strong> <strong>Sie<\/strong> eine kurze Interpretation des Films (150 W\u00f6rter). Die Fragen von \u00dcbung 6 k\u00f6nnen vielleicht dabei helfen.<\/li>\n<li>272 \u00dcbung 7 \u2013 Bereiten Sie eine kleine Pr\u00e4sentation von 3 Minuten vor.<\/li>\n<li>auf Wunsch [optional]: Wenn Sie\u00a0den Aufsatz korrigieren <span style=\"text-decoration: underline\">m\u00f6chten<\/span>, k\u00f6nnen Sie das gern <span style=\"text-decoration: underline\">bis Mittwoch\u00a0<\/span>machen. Sie\u00a0k\u00f6nnen 2-3 extra P\u00fcnkte daf\u00fcr bekommen ( + 2-3%).<\/li>\n<\/ol>\n<p><strong><span style=\"text-decoration: underline\">Mi: 18. Februar (Hausaufgaben f\u00fcr Freitag)<\/span><\/strong><\/p>\n<ol>\n<li>Sehen Sie den Film <em>Hannas Reise <\/em><strong><a href=\"https:\/\/www.youtube.com\/watch?v=kqmvGGgreHA\">Trailer<\/a> <\/strong>(Donnerstag Abend oder im LMC)<\/li>\n<\/ol>\n<p><a href=\"https:\/\/www.youtube.com\/watch?v=kqmvGGgreHA\">https:\/\/www.youtube.com\/watch?v=kqmvGGgreHA<\/a><\/p>\n<p><strong><span style=\"text-decoration: underline\">Donnerstag, 19. Februar<\/span><\/strong><\/p>\n<p><strong>FILM: <em>Hannas Reise &#8211;<\/em>\u00a019 Uhr Sills 107, \u00a096 Minuten, mit engl. Untertiteln<br \/>\noder LMC auf Reserve (<a href=\"http:\/\/library.bowdoin.edu\/about-the-library\/hours-lmc.shtml\" target=\"_blank\">\u00d6ffnungszeiten<\/a>)<\/strong><\/p>\n<p><strong><span style=\"text-decoration: underline\">Fr: 20. Februar \u2013<\/span><\/strong> <span style=\"color: #800000\">Sie k\u00f6nnen <strong>heute im Pyjama Deutsch &#8220;sprechen&#8221;!<\/strong> Wir werden den Film <em>Hannas Reise<\/em>\u00a0in Skype-Gruppen diskutieren. (Weitere\u00a0Informationen am Mittwoch). Sie m\u00fcssen <span style=\"text-decoration: underline\">vor Freitag<em>\u00a0<\/em><\/span> ein Skype Konto haben.\u00a0<\/span><\/p>\n<p><strong><span style=\"text-decoration: underline\">Fr: 20. Februar (Hausaufgaben f\u00fcr Montag)<\/span><\/strong><\/p>\n<ol>\n<li>Projekt #2 f\u00fcr <strong>Freitag\u00a0<\/strong>(<a href=\"https:\/\/dl.dropboxusercontent.com\/u\/10985280\/2204\/Projekt%202.pdf\" target=\"_blank\">Handout <\/a>&#8211; changed due date from Monday to Friday)<\/li>\n<li><strong>Lernen Sie f\u00fcr Pr\u00fcfung 2 (Mittwoch)<\/strong><\/li>\n<li>\n<ul>\n<li>Wortschatz: S. 274-275 und Redemittel S. 248, 249, 255, 257, 268.<\/li>\n<li>Themen: Nachkriegszeit, Vergangenheitsbew\u00e4ltigung<\/li>\n<li>Texte: Deutschland, bleiche Mutter, Celan, Brecht, R\u00e4uberbr\u00e4utigam, Hannas Reise<\/li>\n<li>Grammatik: Temporale Konjunktionen und temporale Pr\u00e4positionen<\/li>\n<li>Neben- und unterordnende Konjunktionen, adverbiale Konjunktionen (<a href=\"http:\/\/www.lsa.umich.edu\/german\/hmr\/Grammatik\/Wortstellung\/potatoes\/logisch.htm\" target=\"_blank\">Quiz f\u00fcr mehr \u00dcbung<\/a>)<\/li>\n<li>wenn\/wann\/als (<a href=\"http:\/\/www.olafbohlke.com\/gpo\/hotpot\/wennwannalsob.htm\" target=\"_blank\">Quiz f\u00fcr mehr \u00dcbung<\/a>)<\/li>\n<li><a href=\"https:\/\/dl.dropboxusercontent.com\/u\/10985280\/2204\/GrammatikE8Erklaerung.pdf\">Grammar Explanations<\/a><\/li>\n<li>The format will be similar to Pr\u00fcfung 1<\/li>\n<\/ul>\n<\/li>\n<\/ol>\n<table width=\"643\">\n<tbody>\n<tr>\n<td width=\"308\"><strong>6. WOCHE<\/strong><\/td>\n<td width=\"335\"><strong>\u00a0<\/strong><\/td>\n<\/tr>\n<\/tbody>\n<\/table>\n<p><strong><span style=\"text-decoration: underline\">Mo: 23. Februar (Hausaufgaben f\u00fcr Mittwoch)<\/span><\/strong><\/p>\n<ul>\n<li><strong>im Unterricht: Wiederholung f\u00fcr die Pr\u00fcfung<\/strong><\/li>\n<li><strong>Pr\u00fcfung #2 (am Mittwoch)<\/strong><\/li>\n<\/ul>\n<p><strong><span style=\"text-decoration: underline\">Mi: 25. Februar &#8211; Pr\u00fcfung 2 im Unterricht<\/span><\/strong><\/p>\n<p>Projekt #2 f\u00fcr <strong>Freitag\u00a0<\/strong>(<a href=\"https:\/\/dl.dropboxusercontent.com\/u\/10985280\/2204\/Projekt%202.pdf\" target=\"_blank\">Handout <\/a>&#8211; changed due date from Monday to Friday)<\/p>\n<p><span style=\"text-decoration: underline\"><strong>Freitag, 27. Februar<\/strong><\/span><\/p>\n<p>&#8211;&gt; n\u00e4chste Einheit<\/p>\n","protected":false},"excerpt":{"rendered":"<p>4. WOCHE \u00a0 Die Hausaufgaben (am n\u00e4chsten Tag f\u00e4llig) Fr: 06.02. (Hausaufgaben f\u00fcr Montag) Beginnen Sie, den neuen Wortschatz zu lernen: S. 274-275 und Redemittel S. 248, 249, 255, 257, 268. *Schreiben Sie 10 S\u00e4tze mit den neuen W\u00f6rtern. Sehen Sie die ersten 5 Minuten von dem Film \u201eGermania Anno Zero\u201c: Sehen Sie auch diese [&hellip;]<\/p>\n","protected":false},"author":208,"featured_media":0,"parent":0,"menu_order":0,"comment_status":"closed","ping_status":"closed","template":"","meta":{"footnotes":""},"class_list":["post-48","page","type-page","status-publish","hentry"],"_links":{"self":[{"href":"https:\/\/courses.bowdoin.edu\/german-2204-spring-2015\/wp-json\/wp\/v2\/pages\/48","targetHints":{"allow":["GET"]}}],"collection":[{"href":"https:\/\/courses.bowdoin.edu\/german-2204-spring-2015\/wp-json\/wp\/v2\/pages"}],"about":[{"href":"https:\/\/courses.bowdoin.edu\/german-2204-spring-2015\/wp-json\/wp\/v2\/types\/page"}],"author":[{"embeddable":true,"href":"https:\/\/courses.bowdoin.edu\/german-2204-spring-2015\/wp-json\/wp\/v2\/users\/208"}],"replies":[{"embeddable":true,"href":"https:\/\/courses.bowdoin.edu\/german-2204-spring-2015\/wp-json\/wp\/v2\/comments?post=48"}],"version-history":[{"count":0,"href":"https:\/\/courses.bowdoin.edu\/german-2204-spring-2015\/wp-json\/wp\/v2\/pages\/48\/revisions"}],"wp:attachment":[{"href":"https:\/\/courses.bowdoin.edu\/german-2204-spring-2015\/wp-json\/wp\/v2\/media?parent=48"}],"curies":[{"name":"wp","href":"https:\/\/api.w.org\/{rel}","templated":true}]}}