{"id":136,"date":"2015-01-24T10:39:15","date_gmt":"2015-01-24T15:39:15","guid":{"rendered":"https:\/\/courses.bowdoin.edu\/german-3390-spring-2015\/?page_id=136"},"modified":"2015-01-24T10:39:15","modified_gmt":"2015-01-24T15:39:15","slug":"projekte","status":"publish","type":"page","link":"https:\/\/courses.bowdoin.edu\/german-3390-spring-2015\/projekte\/","title":{"rendered":"Projekte"},"content":{"rendered":"<p>Projekte\/Pr\u00e4sentationen:<\/p>\n<p>Es gibt dieses Semester drei kleine Pr\u00e4sentationen. Sie bekommen f\u00fcr jedes Projekt weitere Informationen.<\/p>\n<ul>\n<li><strong>Gedichtpr\u00e4sentation<\/strong>: Jeder Student wird ein Gedicht dramatisch vortragen, und interpretieren. \u00a0Sie werden ein kleines Video machen,\u00a0mit einem Kunstwerk der Zeit als Hintergrund. \u00a0(bis\u00a0Mo:\u00a0 23.03.)<\/li>\n<li><strong>Drama-Auff\u00fchrung:<\/strong> in Paaren\/Gruppen, eine Szene von Ernst Tollers <em>Hinkemann\u00a0<\/em>auff\u00fchren (Mi: 01.04.)<\/li>\n<li><strong>Referate zu historischen Themen<\/strong>: in Paaren,\u00a05-7 Minuten\u00a0mit Handout, Wortschatz, These (unterschiedliche Termine)<\/li>\n<\/ul>\n","protected":false},"excerpt":{"rendered":"<p>Projekte\/Pr\u00e4sentationen: Es gibt dieses Semester drei kleine Pr\u00e4sentationen. Sie bekommen f\u00fcr jedes Projekt weitere Informationen. Gedichtpr\u00e4sentation: Jeder Student wird ein Gedicht dramatisch vortragen, und interpretieren. \u00a0Sie werden ein kleines Video machen,\u00a0mit einem Kunstwerk der Zeit als Hintergrund. \u00a0(bis\u00a0Mo:\u00a0 23.03.) Drama-Auff\u00fchrung: in Paaren\/Gruppen, eine Szene von Ernst Tollers Hinkemann\u00a0auff\u00fchren (Mi: 01.04.) Referate zu historischen Themen: in &hellip; <a href=\"https:\/\/courses.bowdoin.edu\/german-3390-spring-2015\/projekte\/\" class=\"more-link\">Continue reading <span class=\"screen-reader-text\">Projekte<\/span> <span class=\"meta-nav\">&rarr;<\/span><\/a><\/p>\n","protected":false},"author":208,"featured_media":0,"parent":0,"menu_order":0,"comment_status":"closed","ping_status":"closed","template":"","meta":{"footnotes":""},"class_list":["post-136","page","type-page","status-publish","hentry"],"_links":{"self":[{"href":"https:\/\/courses.bowdoin.edu\/german-3390-spring-2015\/wp-json\/wp\/v2\/pages\/136","targetHints":{"allow":["GET"]}}],"collection":[{"href":"https:\/\/courses.bowdoin.edu\/german-3390-spring-2015\/wp-json\/wp\/v2\/pages"}],"about":[{"href":"https:\/\/courses.bowdoin.edu\/german-3390-spring-2015\/wp-json\/wp\/v2\/types\/page"}],"author":[{"embeddable":true,"href":"https:\/\/courses.bowdoin.edu\/german-3390-spring-2015\/wp-json\/wp\/v2\/users\/208"}],"replies":[{"embeddable":true,"href":"https:\/\/courses.bowdoin.edu\/german-3390-spring-2015\/wp-json\/wp\/v2\/comments?post=136"}],"version-history":[{"count":0,"href":"https:\/\/courses.bowdoin.edu\/german-3390-spring-2015\/wp-json\/wp\/v2\/pages\/136\/revisions"}],"wp:attachment":[{"href":"https:\/\/courses.bowdoin.edu\/german-3390-spring-2015\/wp-json\/wp\/v2\/media?parent=136"}],"curies":[{"name":"wp","href":"https:\/\/api.w.org\/{rel}","templated":true}]}}