{"id":27,"date":"2014-12-31T17:10:53","date_gmt":"2014-12-31T22:10:53","guid":{"rendered":"https:\/\/deutsch3390.wordpress.com\/?page_id=27"},"modified":"2015-01-16T11:14:05","modified_gmt":"2015-01-16T16:14:05","slug":"filme","status":"publish","type":"page","link":"https:\/\/courses.bowdoin.edu\/german-3390-spring-2015\/filme\/","title":{"rendered":"Filme"},"content":{"rendered":"<h2>1. Das weisse Band<\/h2>\n<p><iframe loading=\"lazy\" title=\"Das Weisse Band - TRAILER\" width=\"474\" height=\"267\" src=\"https:\/\/www.youtube.com\/embed\/2aaapMYGBJs?feature=oembed\" frameborder=\"0\" allow=\"accelerometer; autoplay; clipboard-write; encrypted-media; gyroscope; picture-in-picture; web-share\" referrerpolicy=\"strict-origin-when-cross-origin\" allowfullscreen><\/iframe><\/p>\n<h2>2. Westfront<\/h2>\n<p><strong>&#8220;WESTFRONT 1918 &#8211; VIER VON DER INFANTERIE&#8221;<\/strong> ist ein deutscher Antikriegsfilm, der von G.W. Pabst nach dem Roman gleichen Titels im Jahre 1930 gedreht wurde und der w\u00e4hrend der Nazizeit aufgrund seiner pazifistischen Botschaft ab 1933 verboten worden war. Der Film zeigt das Leben und Sterben deutscher Soldaten an der franz\u00f6sischen Front und vermittels einer kurzen Episode auch das Leben in der Heimat. Das Handlungsgeschehen setzt ein, als mit dem Scheitern der deutschen Sommeroffensive im letzten Kriegsjahr sich die unvermeidliche Niederlage der deutschen Armee abzuzeichnen beginnt.<\/p>\n<p>Vier Soldaten &#8211; Karl aus Bayern, ein Student und ein Leutnant &#8211; verbringen einige freie Erholungstage abseits der Front im Hinterland, wo sich der Student in ein fronz\u00f6sisches Bauernm\u00e4dchen verliebt. Sie scheinen schon alle Illusionen und jegliche Kriegsbegeisterung verloren zu haben. Doch zur\u00fcck im Kampfgeschehen erleben die Vier wieder den Schrecken und die Entbehrungen des Kriegsalltags. &#8220;Alle sind wir schuld&#8221;, waren die letzten Worte eines der schwerverletzten, sterbenen Kameraden. Karl erh\u00e4lt letztlich Heimaturlaub, aber zu Hause sieht er sich nur mit dem Hunger der Zur\u00fcckgebliebenen konfrontiert&#8230; (<a href=\"https:\/\/archive.org\/details\/Westfront1918VierVonDerInfanterie\">Quelle<\/a>)<\/p>\n<p><a href=\"https:\/\/archive.org\/embed\/Westfront1918VierVonDerInfanterie\">https:\/\/archive.org\/embed\/Westfront1918VierVonDerInfanterie<\/a><\/p>\n<p><a href=\"https:\/\/www.youtube.com\/watch?v=s7tY4WaWZzA\">https:\/\/www.youtube.com\/watch?v=s7tY4WaWZzA<\/a><\/p>\n<h2>3. Berlin &#8211; Sinfonie der Gro\u00dfstadt<\/h2>\n<p>Walther Ruttmann, 1927, Musik von Tronthaim<\/p>\n<p><iframe loading=\"lazy\" title=\"&quot;Berlin- die Symphonie der Gro\u00dfstadt&quot;\" width=\"474\" height=\"356\" src=\"https:\/\/www.youtube.com\/embed\/zqsgrm7n9H4?feature=oembed\" frameborder=\"0\" allow=\"accelerometer; autoplay; clipboard-write; encrypted-media; gyroscope; picture-in-picture; web-share\" referrerpolicy=\"strict-origin-when-cross-origin\" allowfullscreen><\/iframe><\/p>\n<h2>4. 14 Tageb\u00fccher des Ersten Weltkriegs<\/h2>\n<p><iframe loading=\"lazy\" title=\"Trailer: 14 Tageb\u00fccher des Ersten Weltkriegs \/\/ 14 Diaries of the Great War\" width=\"474\" height=\"267\" src=\"https:\/\/www.youtube.com\/embed\/n6eM_SUUfNo?feature=oembed\" frameborder=\"0\" allow=\"accelerometer; autoplay; clipboard-write; encrypted-media; gyroscope; picture-in-picture; web-share\" referrerpolicy=\"strict-origin-when-cross-origin\" allowfullscreen><\/iframe><\/p>\n<p><a href=\"https:\/\/www.youtube.com\/watch?v=8yo0fLKnLqo\">https:\/\/www.youtube.com\/watch?v=8yo0fLKnLqo<\/a><\/p>\n<p><a href=\"https:\/\/www.youtube.com\/watch?v=taf6CEF1p4w\">https:\/\/www.youtube.com\/watch?v=taf6CEF1p4w<\/a><\/p>\n<p><a href=\"https:\/\/www.youtube.com\/watch?v=Lu_MiAcInas\">https:\/\/www.youtube.com\/watch?v=Lu_MiAcInas<\/a><\/p>\n<p>&nbsp;<\/p>\n<p>Ausbruch des Krieges:<\/p>\n<p><a href=\"http:\/\/www.planet-schule.de\/wissenspool\/tagebuecher-des-ersten-weltkriegs\/inhalt\/sendungen\/der-ausbruch-des-krieges.html\">http:\/\/www.planet-schule.de\/wissenspool\/tagebuecher-des-ersten-weltkriegs\/inhalt\/sendungen\/der-ausbruch-des-krieges.html<\/a><\/p>\n<p>Das Sterben an der Front<\/p>\n<p><a href=\"http:\/\/www.planet-schule.de\/wissenspool\/tagebuecher-des-ersten-weltkriegs\/inhalt\/sendungen\/das-sterben-an-der-front.html\">http:\/\/www.planet-schule.de\/wissenspool\/tagebuecher-des-ersten-weltkriegs\/inhalt\/sendungen\/das-sterben-an-der-front.html<\/a><\/p>\n<h2>5. Andere Filme:<\/h2>\n<p><a href=\"https:\/\/www.youtube.com\/watch?v=Za2ALUI97EA\">https:\/\/www.youtube.com\/watch?v=Za2ALUI97EA<\/a><\/p>\n<p>&nbsp;<\/p>\n<h2>Filme in anderen Sprachen:<\/h2>\n<p><iframe loading=\"lazy\" title=\"La Grande Illusion (1937) Trailer\" width=\"474\" height=\"356\" src=\"https:\/\/www.youtube.com\/embed\/hctrYzVYmfM?feature=oembed\" frameborder=\"0\" allow=\"accelerometer; autoplay; clipboard-write; encrypted-media; gyroscope; picture-in-picture; web-share\" referrerpolicy=\"strict-origin-when-cross-origin\" allowfullscreen><\/iframe><\/p>\n<p><iframe loading=\"lazy\" title=\"Joyeux Noel Trailer\" width=\"474\" height=\"267\" src=\"https:\/\/www.youtube.com\/embed\/KRrr-CDXijs?feature=oembed\" frameborder=\"0\" allow=\"accelerometer; autoplay; clipboard-write; encrypted-media; gyroscope; picture-in-picture; web-share\" referrerpolicy=\"strict-origin-when-cross-origin\" allowfullscreen><\/iframe><\/p>\n<p><a href=\"https:\/\/www.youtube.com\/watch?v=oViFyQgzk_I\">https:\/\/www.youtube.com\/watch?v=oViFyQgzk_I<\/a><\/p>\n","protected":false},"excerpt":{"rendered":"<p>1. Das weisse Band 2. Westfront &#8220;WESTFRONT 1918 &#8211; VIER VON DER INFANTERIE&#8221; ist ein deutscher Antikriegsfilm, der von G.W. Pabst nach dem Roman gleichen Titels im Jahre 1930 gedreht wurde und der w\u00e4hrend der Nazizeit aufgrund seiner pazifistischen Botschaft ab 1933 verboten worden war. Der Film zeigt das Leben und Sterben deutscher Soldaten an &hellip; <a href=\"https:\/\/courses.bowdoin.edu\/german-3390-spring-2015\/filme\/\" class=\"more-link\">Continue reading <span class=\"screen-reader-text\">Filme<\/span> <span class=\"meta-nav\">&rarr;<\/span><\/a><\/p>\n","protected":false},"author":208,"featured_media":0,"parent":0,"menu_order":0,"comment_status":"open","ping_status":"open","template":"","meta":{"footnotes":""},"class_list":["post-27","page","type-page","status-publish","hentry"],"_links":{"self":[{"href":"https:\/\/courses.bowdoin.edu\/german-3390-spring-2015\/wp-json\/wp\/v2\/pages\/27","targetHints":{"allow":["GET"]}}],"collection":[{"href":"https:\/\/courses.bowdoin.edu\/german-3390-spring-2015\/wp-json\/wp\/v2\/pages"}],"about":[{"href":"https:\/\/courses.bowdoin.edu\/german-3390-spring-2015\/wp-json\/wp\/v2\/types\/page"}],"author":[{"embeddable":true,"href":"https:\/\/courses.bowdoin.edu\/german-3390-spring-2015\/wp-json\/wp\/v2\/users\/208"}],"replies":[{"embeddable":true,"href":"https:\/\/courses.bowdoin.edu\/german-3390-spring-2015\/wp-json\/wp\/v2\/comments?post=27"}],"version-history":[{"count":0,"href":"https:\/\/courses.bowdoin.edu\/german-3390-spring-2015\/wp-json\/wp\/v2\/pages\/27\/revisions"}],"wp:attachment":[{"href":"https:\/\/courses.bowdoin.edu\/german-3390-spring-2015\/wp-json\/wp\/v2\/media?parent=27"}],"curies":[{"name":"wp","href":"https:\/\/api.w.org\/{rel}","templated":true}]}}