{"id":61,"date":"2015-01-15T10:52:02","date_gmt":"2015-01-15T15:52:02","guid":{"rendered":"https:\/\/courses.bowdoin.edu\/german-3390-spring-2015\/?page_id=61"},"modified":"2015-01-15T10:58:31","modified_gmt":"2015-01-15T15:58:31","slug":"home","status":"publish","type":"page","link":"https:\/\/courses.bowdoin.edu\/german-3390-spring-2015\/","title":{"rendered":"Willkommen in Deutsch 3390!"},"content":{"rendered":"<p style=\"text-align: justify\"><img decoding=\"async\" class=\" aligncenter\" src=\"http:\/\/www.hamburger-kunsthalle.de\/tl_files\/ausstellungen\/2014\/dix\/dix_key.jpg\" alt=\"\" \/><\/p>\n<p style=\"text-align: justify\">In diesem Seminar besch\u00e4ftigen wir uns mit dem Ersten Weltkrieg \u2013 der erste moderne und industrielle Krieg Europas. In der deutschen Geschichte wird der Erste Weltkrieg immer vom Zweiten \u00fcberschattet, wobei die zwei Kriege doch eng verkn\u00fcpft sind. Wir werden in diesem Kurs einen historischen \u00dcberblick dieser Zeit gewinnen: Ursachen des Krieges, gro\u00dfe Schlachten, neue Technologien, wichtige Personen und Ereignisse. Dabei werden wir nicht nur Deutschland als Schauplatz studieren, sondern auch die Schweiz und \u00d6sterreich. Der Schwerpunkt des Kurses liegt in der Kultur dieser Zeit: Film, Literatur, Lyrik, visuelle Kunst, und Essayistik. Wie haben deutschsprachige K\u00fcnstler und K\u00fcnstlerinnen, Autoren\/innen und Filmemacher\/innen diese Zeit dargestellt? Was sagen ihre Kunstwerke aus? Was sagen diese Werke \u00fcber die Zeit aus? Und wie verstehen wir die Kunstwerke im Kontext des Krieges? Zentrale Themen des Seminars sind: die Beziehung zwischen der Moderne und der Modernisierung, die Politisierung der Kunst, Nationalismus und Militarismus, Gender und Sexualit\u00e4t, und Erinnerungskultur.<br \/>\n<img loading=\"lazy\" decoding=\"async\" class=\"  wp-image-21 aligncenter\" src=\"https:\/\/courses.bowdoin.edu\/german-3390-spring-2015\/wp-content\/uploads\/sites\/95\/2014\/12\/reims-rubble.jpg?w=300\" alt=\"reims rubble\" width=\"542\" height=\"367\" \/><\/p>\n<p style=\"text-align: justify\">Bilder: Oben, Otto Dix,\u00a0Sturmtruppe geht unter Gas vor, 1924<\/p>\n","protected":false},"excerpt":{"rendered":"<p>In diesem Seminar besch\u00e4ftigen wir uns mit dem Ersten Weltkrieg \u2013 der erste moderne und industrielle Krieg Europas. In der deutschen Geschichte wird der Erste Weltkrieg immer vom Zweiten \u00fcberschattet, wobei die zwei Kriege doch eng verkn\u00fcpft sind. Wir werden in diesem Kurs einen historischen \u00dcberblick dieser Zeit gewinnen: Ursachen des Krieges, gro\u00dfe Schlachten, neue &hellip; <a href=\"https:\/\/courses.bowdoin.edu\/german-3390-spring-2015\/\" class=\"more-link\">Continue reading <span class=\"screen-reader-text\">Willkommen in Deutsch 3390!<\/span> <span class=\"meta-nav\">&rarr;<\/span><\/a><\/p>\n","protected":false},"author":208,"featured_media":0,"parent":0,"menu_order":0,"comment_status":"closed","ping_status":"closed","template":"","meta":{"footnotes":""},"class_list":["post-61","page","type-page","status-publish","hentry"],"_links":{"self":[{"href":"https:\/\/courses.bowdoin.edu\/german-3390-spring-2015\/wp-json\/wp\/v2\/pages\/61","targetHints":{"allow":["GET"]}}],"collection":[{"href":"https:\/\/courses.bowdoin.edu\/german-3390-spring-2015\/wp-json\/wp\/v2\/pages"}],"about":[{"href":"https:\/\/courses.bowdoin.edu\/german-3390-spring-2015\/wp-json\/wp\/v2\/types\/page"}],"author":[{"embeddable":true,"href":"https:\/\/courses.bowdoin.edu\/german-3390-spring-2015\/wp-json\/wp\/v2\/users\/208"}],"replies":[{"embeddable":true,"href":"https:\/\/courses.bowdoin.edu\/german-3390-spring-2015\/wp-json\/wp\/v2\/comments?post=61"}],"version-history":[{"count":0,"href":"https:\/\/courses.bowdoin.edu\/german-3390-spring-2015\/wp-json\/wp\/v2\/pages\/61\/revisions"}],"wp:attachment":[{"href":"https:\/\/courses.bowdoin.edu\/german-3390-spring-2015\/wp-json\/wp\/v2\/media?parent=61"}],"curies":[{"name":"wp","href":"https:\/\/api.w.org\/{rel}","templated":true}]}}