{"id":164,"date":"2021-04-30T11:03:04","date_gmt":"2021-04-30T15:03:04","guid":{"rendered":"https:\/\/courses.bowdoin.edu\/gov-spring-2021-cruising-shipping-in-the-arctic\/?page_id=164"},"modified":"2021-05-25T08:30:30","modified_gmt":"2021-05-25T12:30:30","slug":"acknowledgements-and-works-cited","status":"publish","type":"page","link":"https:\/\/courses.bowdoin.edu\/gov-spring-2021-cruising-shipping-in-the-arctic\/acknowledgements-and-works-cited\/","title":{"rendered":"Acknowledgements and Works Cited"},"content":{"rendered":"<p>This website is a product of a team effort among classmates in Bowdoin College&#8217;s GOV 2577\/ENVS 2377 &#8220;Arctic Politics&#8221; course, a group that includes&#8230;<\/p>\n<p>Alex Gates, who presented on the issues associated with cruise ship traffic in the Northwest Passage. He also worked on the &#8220;How to Get Involved in Arctic Policy&#8221; section and did some finishing touches on the overall website. Resources and academic articles he references are listed below.<\/p>\n<p>Websites and Images:<\/p>\n<ul>\n<li><a href=\"https:\/\/www.travelwizard.com\/canada\/greenland-to-the-bering-sea-cruise-vacation\/\">https:\/\/www.travelwizard.com\/canada\/greenland-to-the-bering-sea-cruise-vacation\/<\/a><\/li>\n<li><a href=\"https:\/\/www.steppestravel.com\/us\/boats\/ocean-endeavour\/\">https:\/\/www.steppestravel.com\/us\/boats\/ocean-endeavour\/<\/a><\/li>\n<li><a href=\"http:\/\/news.bbc.co.uk\/2\/hi\/americas\/6995999.stm\">http:\/\/news.bbc.co.uk\/2\/hi\/americas\/6995999.stm<\/a><\/li>\n<li><a href=\"https:\/\/www.skymetweather.com\/content\/climate-change\/climate-change-ice-free-summer-likely-in-the-arctic-in-20-years\/\">https:\/\/www.skymetweather.com\/content\/climate-change\/climate-change-ice-free-summer-likely-in-the-arctic-in-20-years\/<\/a><\/li>\n<li><a href=\"https:\/\/www.swoop-arctic.com\/cruises\/northwest-passage\">https:\/\/www.swoop-arctic.com\/cruises\/northwest-passage<\/a><\/li>\n<\/ul>\n<p>Academic Sources:<\/p>\n<ul>\n<li>Giovany Cajaiba-Santana, Olivier Faury, Maarouf Ramadan. (2020) \u201cThe emerging cruise shipping industry in the arctic: Institutional pressures and institutional voids\u201d. <em>Annals of Tourism Research<\/em>, Volume 80.<\/li>\n<li>E.J. Stewart, S.E.L. Howell, D. Draper, J. Yackel and A. Tivy. (2007) \u201cSea ice in Canada&#8217;s Arctic: implications for cruise tourism\u201d. <em>Arctic<\/em>, Volume 60 Issue 4.<\/li>\n<li>\u201cTrends in shipping in the Northwest Passage and the Beaufort Sea\u201d. May 29, 2015.<\/li>\n<li>Varnajot, Alix &amp; Palma, David &amp; Dalen, Kari &amp; Basaran, Ilker &amp; Brunette, Charles &amp; Bystrowska, Marta &amp; Korablina, Anastasia &amp; Nowicki, Robynne &amp; Ronge, Thomas. (2019). \u201cCruising the marginal ice zone: climate change and Arctic tourism\u201d, <em>Polar Geography<\/em>.<\/li>\n<li>Willy \u00d8streng, Karl Magnus Eger, Brit Fl\u00f8istad, Arnfinn J\u00f8rgensen-Dahl, Lars Lothe, Morten Mejlaender-Larsen, Tor Wergeland. (2013). \u201cShipping in Arctic Waters, A comparison of the Northeast, Northwest and Trans Polar Passages\u201d.<\/li>\n<\/ul>\n<p>Ignacio Perez Perez-Hervada<\/p>\n<p>(insert sources here)<\/p>\n<p>Juntao Lu<\/p>\n<p>Websites and Images<\/p>\n<ul>\n<li><a href=\"https:\/\/www.highnorthnews.com\/en\/new-dawn-arctic-shipping-winter-transits-northern-sea-route\"><span style=\"font-weight: 400\">https:\/\/www.highnorthnews.com\/en\/new-dawn-arctic-shipping-winter-transits-northern-sea-route<\/span><\/a><\/li>\n<li><a href=\"https:\/\/www.reuters.com\/article\/us-russia-rosatom-arctic-idUSKCN1TP1LB\"><span style=\"font-weight: 400\">https:\/\/www.reuters.com\/article\/us-russia-rosatom-arctic-idUSKCN1TP1LB<\/span><\/a><\/li>\n<li><a href=\"http:\/\/www.cleanshipping.org\/sos-arctic-new-report-highlights-environmental-threat-from-increased-shipping-activities\/\"><span style=\"font-weight: 400\">http:\/\/www.cleanshipping.org\/sos-arctic-new-report-highlights-environmental-threat-from-increased-shipping-activities\/<\/span><\/a><\/li>\n<li><a href=\"https:\/\/www.nationalgeographic.com\/science\/article\/140423-national-research-council-on-oil-spills-in-arctic\"><span style=\"font-weight: 400\">https:\/\/www.nationalgeographic.com\/science\/article\/140423-national-research-council-on-oil-spills-in-arctic<\/span><\/a><\/li>\n<li><a href=\"https:\/\/jsis.washington.edu\/news\/an-evaluation-of-the-impact-of-shipping-on-arctic-indigenous-peoples\/\"><span style=\"font-weight: 400\">https:\/\/jsis.washington.edu\/news\/an-evaluation-of-the-impact-of-shipping-on-arctic-indigenous-peoples\/<\/span><\/a><\/li>\n<li><a href=\"https:\/\/www.theguardian.com\/world\/2020\/dec\/08\/arctic-report-climate-crisis-wildfires-ice-loss\"><span style=\"font-weight: 400\">https:\/\/www.theguardian.com\/world\/2020\/dec\/08\/arctic-report-climate-crisis-wildfires-ice-loss<\/span><\/a><span style=\"font-weight: 400\">\u00a0<\/span><\/li>\n<li><a href=\"https:\/\/www.smithsonianmag.com\/science-nature\/toxic-chemicals-banned-arctic-wildlife-180970209\/\"><span style=\"font-weight: 400\">https:\/\/www.smithsonianmag.com\/science-nature\/toxic-chemicals-banned-arctic-wildlife-180970209\/<\/span><\/a><span style=\"font-weight: 400\">\u00a0<\/span><\/li>\n<\/ul>\n<p>Academic Sources:<\/p>\n<ul>\n<li><span style=\"font-weight: 400\">Downing, John. 2019. \u201cAn evaluation of the impact of shipping on Arctic Indigenous Peoples.\u201d<\/span><\/li>\n<li><span style=\"font-weight: 400\">Gross, Michael. 2018. \u201cArctic shipping threatens wildlife.\u201d <\/span><i><span style=\"font-weight: 400\">Current Biology<\/span><\/i><span style=\"font-weight: 400\"> 28, no. 15 (Aug): 803-805.<\/span><\/li>\n<li><span style=\"font-weight: 400\">Hauser, Donna. 2018. \u201cVulnerability of Arctic marine mammals to vessel traffic in the increasingly ice-free Northwest Passage and Northern Sea Route.\u201d <\/span><i><span style=\"font-weight: 400\">PNAS<\/span><\/i><span style=\"font-weight: 400\">, (Jul), 7617-7622.<\/span><\/li>\n<li><span style=\"font-weight: 400\">Quinn, P. K. 2011. \u201cThe Impact of Black Carbon on Arctic Climate.\u201d <\/span><i><span style=\"font-weight: 400\">Arctic Monitoring and Assessment Program Report<\/span><\/i><span style=\"font-weight: 400\">, 19.<\/span><\/li>\n<\/ul>\n<p>We would also like to thank Professor Laura Henry from the Government department at Bowdoin College for her guidance throughout this research.<\/p>\n<p>&nbsp;<\/p>\n","protected":false},"excerpt":{"rendered":"<p>This website is a product of a team effort among classmates in Bowdoin College&#8217;s GOV 2577\/ENVS 2377 &#8220;Arctic Politics&#8221; course, a group that includes&#8230; Alex Gates, who presented on the issues associated with cruise ship traffic in the Northwest Passage. He also worked on the &#8220;How to Get Involved in Arctic Policy&#8221; section and did [&hellip;]<\/p>\n","protected":false},"author":2,"featured_media":0,"parent":0,"menu_order":0,"comment_status":"closed","ping_status":"closed","template":"page-templates\/full-width.php","meta":{"footnotes":""},"class_list":["post-164","page","type-page","status-publish","hentry"],"_links":{"self":[{"href":"https:\/\/courses.bowdoin.edu\/gov-spring-2021-cruising-shipping-in-the-arctic\/wp-json\/wp\/v2\/pages\/164","targetHints":{"allow":["GET"]}}],"collection":[{"href":"https:\/\/courses.bowdoin.edu\/gov-spring-2021-cruising-shipping-in-the-arctic\/wp-json\/wp\/v2\/pages"}],"about":[{"href":"https:\/\/courses.bowdoin.edu\/gov-spring-2021-cruising-shipping-in-the-arctic\/wp-json\/wp\/v2\/types\/page"}],"author":[{"embeddable":true,"href":"https:\/\/courses.bowdoin.edu\/gov-spring-2021-cruising-shipping-in-the-arctic\/wp-json\/wp\/v2\/users\/2"}],"replies":[{"embeddable":true,"href":"https:\/\/courses.bowdoin.edu\/gov-spring-2021-cruising-shipping-in-the-arctic\/wp-json\/wp\/v2\/comments?post=164"}],"version-history":[{"count":0,"href":"https:\/\/courses.bowdoin.edu\/gov-spring-2021-cruising-shipping-in-the-arctic\/wp-json\/wp\/v2\/pages\/164\/revisions"}],"wp:attachment":[{"href":"https:\/\/courses.bowdoin.edu\/gov-spring-2021-cruising-shipping-in-the-arctic\/wp-json\/wp\/v2\/media?parent=164"}],"curies":[{"name":"wp","href":"https:\/\/api.w.org\/{rel}","templated":true}]}}