{"id":7,"date":"2018-01-16T14:22:51","date_gmt":"2018-01-16T19:22:51","guid":{"rendered":"https:\/\/courses.bowdoin.edu\/education-2272-fall-2014\/?page_id=7"},"modified":"2018-01-18T13:36:37","modified_gmt":"2018-01-18T18:36:37","slug":"about","status":"publish","type":"page","link":"https:\/\/courses.bowdoin.edu\/hispanic-studies-3110-spring-2018\/","title":{"rendered":"About"},"content":{"rendered":"<p>Explores the professionalization of Spanish theater, starting in Spain with the development of the three-act comedia and moving across the Atlantic within public theaters, courtyards, convent theaters, and the streets. Examines the topic of performance, considering staging, costuming, set design, the lives of actors, and adaptation in both historical and contemporary contexts. Playwrights of special focus include: Calder\u00f3n de la Barca, Lope de Vega, Tirso de Molina, Mar\u00eda de Zayas, Ana Caro, Sor Juana In\u00e9s de la Cruz, and Juan Ruiz de Alarc\u00f3n. Taught in Spanish.<\/p>\n","protected":false},"excerpt":{"rendered":"<p>Explores the professionalization of Spanish theater, starting in Spain with the development of the three-act comedia and moving across the Atlantic within public theaters, courtyards, convent theaters, and the streets. Examines the topic of performance, considering staging, costuming, set design, the lives of actors, and adaptation in both historical and contemporary contexts. Playwrights of special [&hellip;]<\/p>\n","protected":false},"author":2,"featured_media":0,"parent":0,"menu_order":0,"comment_status":"closed","ping_status":"closed","template":"","meta":{"footnotes":""},"class_list":["post-7","page","type-page","status-publish","hentry"],"_links":{"self":[{"href":"https:\/\/courses.bowdoin.edu\/hispanic-studies-3110-spring-2018\/wp-json\/wp\/v2\/pages\/7","targetHints":{"allow":["GET"]}}],"collection":[{"href":"https:\/\/courses.bowdoin.edu\/hispanic-studies-3110-spring-2018\/wp-json\/wp\/v2\/pages"}],"about":[{"href":"https:\/\/courses.bowdoin.edu\/hispanic-studies-3110-spring-2018\/wp-json\/wp\/v2\/types\/page"}],"author":[{"embeddable":true,"href":"https:\/\/courses.bowdoin.edu\/hispanic-studies-3110-spring-2018\/wp-json\/wp\/v2\/users\/2"}],"replies":[{"embeddable":true,"href":"https:\/\/courses.bowdoin.edu\/hispanic-studies-3110-spring-2018\/wp-json\/wp\/v2\/comments?post=7"}],"version-history":[{"count":0,"href":"https:\/\/courses.bowdoin.edu\/hispanic-studies-3110-spring-2018\/wp-json\/wp\/v2\/pages\/7\/revisions"}],"wp:attachment":[{"href":"https:\/\/courses.bowdoin.edu\/hispanic-studies-3110-spring-2018\/wp-json\/wp\/v2\/media?parent=7"}],"curies":[{"name":"wp","href":"https:\/\/api.w.org\/{rel}","templated":true}]}}