{"id":2,"date":"2024-04-05T14:26:32","date_gmt":"2024-04-05T14:26:32","guid":{"rendered":"https:\/\/courses.bowdoin.edu\/hispanic-studies-3257-spring-2024\/?page_id=2"},"modified":"2024-06-25T07:41:04","modified_gmt":"2024-06-25T11:41:04","slug":"sample-page","status":"publish","type":"page","link":"https:\/\/courses.bowdoin.edu\/hispanic-studies-3257-spring-2024\/","title":{"rendered":"Home"},"content":{"rendered":"<p><strong><\/strong><\/p>\r\n<p><img loading=\"lazy\" decoding=\"async\" class=\"alignnone  wp-image-615\" src=\"https:\/\/courses.bowdoin.edu\/hispanic-studies-3257-spring-2024\/wp-content\/uploads\/sites\/655\/2024\/05\/POrtadas-300x51.png\" alt=\"\" width=\"788\" height=\"134\" srcset=\"https:\/\/courses.bowdoin.edu\/hispanic-studies-3257-spring-2024\/wp-content\/uploads\/sites\/655\/2024\/05\/POrtadas-300x51.png 300w, https:\/\/courses.bowdoin.edu\/hispanic-studies-3257-spring-2024\/wp-content\/uploads\/sites\/655\/2024\/05\/POrtadas-1024x175.png 1024w, https:\/\/courses.bowdoin.edu\/hispanic-studies-3257-spring-2024\/wp-content\/uploads\/sites\/655\/2024\/05\/POrtadas-768x131.png 768w, https:\/\/courses.bowdoin.edu\/hispanic-studies-3257-spring-2024\/wp-content\/uploads\/sites\/655\/2024\/05\/POrtadas-1536x263.png 1536w, https:\/\/courses.bowdoin.edu\/hispanic-studies-3257-spring-2024\/wp-content\/uploads\/sites\/655\/2024\/05\/POrtadas-2048x351.png 2048w, https:\/\/courses.bowdoin.edu\/hispanic-studies-3257-spring-2024\/wp-content\/uploads\/sites\/655\/2024\/05\/POrtadas-1200x205.png 1200w\" sizes=\"auto, (max-width: 788px) 100vw, 788px\" \/><\/p>\r\n<p><strong>Bienvenidos<\/strong> a nuestra plataforma, un espacio donde los lectores curiosos pueden descubrir y celebrar a las narradoras contempor\u00e1neas latinoamericanas. Aqu\u00ed, puedes explorar los perfiles y obras de estas talentosas escritoras, adem\u00e1s de acceder a contenido generado por lectores apasionados como t\u00fa. Nuestra misi\u00f3n es empoderar a los lectores y promover a las escritoras, ayud\u00e1ndote a aprender qui\u00e9nes son, de d\u00f3nde vienen, y d\u00f3nde est\u00e1n siendo publicadas. Para comenzar, busca el nombre de tu autora favorita en la categor\u00eda de Autoras o explora las otras categor\u00edas para aprender mas de obras especificas o los pa\u00edses de las autoras.\u00a0<\/p>\r\n<p>Este proyecto naci\u00f3 de un seminario impartido por la profesora<a href=\"https:\/\/courses.bowdoin.edu\/hispanic-studies-3257-spring-2024\/country\/colombia\/nadia-celis\/\"> Nadia Celis<\/a> en Bowdoin College, donde se exploraron las condiciones que han favorecido la emergencia de escritoras latinoamericanas en la literatura mundial. Las discusiones se centraron en autoras clave, los contextos de sus obras, sus temas, innovaciones est\u00e9ticas y las fuerzas del mercado que influyen en la difusi\u00f3n de la producci\u00f3n cultural femenina.<\/p>\r\n<p>&nbsp;<\/p>\r\n<p><strong>Welcome<\/strong> to our platform, a space where curious readers can discover and celebrate contemporary Latin American female writers. Here, you can explore the profiles and works of these talented authors, as well as access content generated by passionate readers like you. Our mission is to empower readers and promote female writers, helping you learn who they are, where they come from, and where they are being published. To get started, search for your favorite author in the Authors category or explore other categories to learn more about specific works or the authors&#8217; countries.<\/p>\r\n<p>This project was born from a seminar taught by Professor Nadia Celis at Bowdoin College, where the conditions that have favored the emergence of Latin American female writers in world literature were explored. The discussions focused on key authors, the contexts of their works, their themes, aesthetic innovations, and the market forces that influence the dissemination of female cultural production.<\/p>\r\n<p>&nbsp;<\/p>\r\n\r\n\n<!-- iframe plugin v.6.0 wordpress.org\/plugins\/iframe\/ -->\n<iframe loading=\"lazy\" width=\"700\" height=\"400\" frameborder=\"0\" scrolling=\"no\" marginheight=\"0\" marginwidth=\"0\" title=\"Nueva Bomba 5.3.24\" src=\"\/\/bowdoincollege.maps.arcgis.com\/apps\/Embed\/index.html?webmap=335134b3222e409bbf196a9ea4547a2c&#038;extent=-180,-63.9337,41.3918,56.1747&#038;zoom=true&#038;previewImage=false&#038;scale=true&#038;legend=true&#038;disable_scroll=true&#038;theme=light\" class=\"iframe-class\"><\/iframe>\n","protected":false},"excerpt":{"rendered":"<p>Bienvenidos a nuestra plataforma, un espacio donde los lectores curiosos pueden descubrir y celebrar a las narradoras contempor\u00e1neas latinoamericanas. Aqu\u00ed, puedes explorar los perfiles y obras de estas talentosas escritoras, adem\u00e1s de acceder a contenido generado por lectores apasionados como&#8230; <a class=\"more-link\" href=\"https:\/\/courses.bowdoin.edu\/hispanic-studies-3257-spring-2024\/\">Continue Reading &rarr;<\/a><\/p>\n","protected":false},"author":2,"featured_media":0,"parent":0,"menu_order":0,"comment_status":"closed","ping_status":"open","template":"","meta":{"footnotes":""},"class_list":["post-2","page","type-page","status-publish","hentry"],"_links":{"self":[{"href":"https:\/\/courses.bowdoin.edu\/hispanic-studies-3257-spring-2024\/wp-json\/wp\/v2\/pages\/2","targetHints":{"allow":["GET"]}}],"collection":[{"href":"https:\/\/courses.bowdoin.edu\/hispanic-studies-3257-spring-2024\/wp-json\/wp\/v2\/pages"}],"about":[{"href":"https:\/\/courses.bowdoin.edu\/hispanic-studies-3257-spring-2024\/wp-json\/wp\/v2\/types\/page"}],"author":[{"embeddable":true,"href":"https:\/\/courses.bowdoin.edu\/hispanic-studies-3257-spring-2024\/wp-json\/wp\/v2\/users\/2"}],"replies":[{"embeddable":true,"href":"https:\/\/courses.bowdoin.edu\/hispanic-studies-3257-spring-2024\/wp-json\/wp\/v2\/comments?post=2"}],"version-history":[{"count":0,"href":"https:\/\/courses.bowdoin.edu\/hispanic-studies-3257-spring-2024\/wp-json\/wp\/v2\/pages\/2\/revisions"}],"wp:attachment":[{"href":"https:\/\/courses.bowdoin.edu\/hispanic-studies-3257-spring-2024\/wp-json\/wp\/v2\/media?parent=2"}],"curies":[{"name":"wp","href":"https:\/\/api.w.org\/{rel}","templated":true}]}}