{"id":33,"date":"2014-06-07T01:59:18","date_gmt":"2014-06-07T01:59:18","guid":{"rendered":"https:\/\/courses.bowdoin.edu\/italian-2500\/?page_id=33"},"modified":"2022-06-13T01:33:17","modified_gmt":"2022-06-13T05:33:17","slug":"magazines","status":"publish","type":"page","link":"https:\/\/courses.bowdoin.edu\/italian-2500\/magazines\/","title":{"rendered":"Magazines"},"content":{"rendered":"<div id=\"attachment_140\" style=\"width: 608px\" class=\"wp-caption alignnone\"><a href=\"http:\/\/francobrambilla.com\/artwork\/335180_Hotel_Ambasciatori.html\"><img loading=\"lazy\" decoding=\"async\" aria-describedby=\"caption-attachment-140\" class=\"wp-image-140 \" src=\"https:\/\/courses.bowdoin.edu\/italian-2500\/wp-content\/uploads\/sites\/542\/2014\/06\/brambilla-ambasciatori.jpg\" alt=\"brambilla, ambasciatori\" width=\"598\" height=\"420\" srcset=\"https:\/\/courses.bowdoin.edu\/italian-2500\/wp-content\/uploads\/sites\/542\/2014\/06\/brambilla-ambasciatori.jpg 568w, https:\/\/courses.bowdoin.edu\/italian-2500\/wp-content\/uploads\/sites\/542\/2014\/06\/brambilla-ambasciatori-300x210.jpg 300w\" sizes=\"auto, (max-width: 598px) 100vw, 598px\" \/><\/a><p id=\"caption-attachment-140\" class=\"wp-caption-text\">\u00a9 Franco Brambilla, &#8220;Hotel Ambasciatori&#8221; (2008)<\/p><\/div>\n<hr \/>\n<p><strong>A small selection of SF magazines online<br \/>\n<\/strong><a href=\"http:\/\/www.albedo1.com\/\">Albedo<\/a><br \/>\n<a href=\"https:\/\/amazingstories.com\/\">Amazing stories<\/a><br \/>\n<a href=\"https:\/\/www.analogsf.com\/\">Analog: Science Fiction and Fact<\/a><strong><br \/>\n<\/strong><a href=\"https:\/\/andromedaspaceways.com\/\">Andromeda Spaceways Magazine<\/a><br \/>\n<a href=\"https:\/\/apex-magazine.com\/\">Apex magazine<\/a><br \/>\n<a href=\"https:\/\/aurealis.com.au\/\">Aurealis<\/a> (Australian fantasy and science fiction)<br \/>\n<a href=\"http:\/\/www.luminist.org\/archives\/SF\/AU.htm\">Authentic Science Fiction Magazine<\/a><br \/>\n<a href=\"https:\/\/www.asimovs.com\/\">Azimov&#8217;s Science Fiction<\/a><br \/>\n<a href=\"http:\/\/ttapress.com\/blackstatic\/\">Black Static<\/a><br \/>\n<a href=\"http:\/\/clarkesworldmagazine.com\/\">Clarkesworld: Science Fiction &amp; Fantasy Magazine<\/a><br \/>\n<a href=\"http:\/\/www.fantascienza.com\/magazine\/home\/\">Fantascienza.com<\/a><a href=\"https:\/\/onlinebooks.library.upenn.edu\/webbin\/serial?id=fantasticadventures\"> (in Italian)<br \/>\nFantastic Adventures<\/a><br \/>\n<a href=\"http:\/\/www.fantastik.dk\/\">Fantastik<\/a> (in Dutch)<br \/>\n<a href=\"https:\/\/www.fantastyka.pl\/\">Fantastyka<\/a> (in Polish)<br \/>\n<a href=\"https:\/\/future-sf.com\/\">Future Science Fiction Digest<\/a><br \/>\n<a href=\"https:\/\/archive.org\/details\/galaxymagazine\">Galaxy Magazine<\/a> (scanned images of print versions on Internet Archive)<br \/>\n<a href=\"https:\/\/www.heavymetal.com\/\">Heavy Metal<\/a><br \/>\n<a href=\"https:\/\/archive.org\/details\/ifmagazine\">If Magazine<\/a> (scanned images of print versions on Internet Archive)<br \/>\n<a href=\"http:\/\/www.infinityplus.co.uk\/misc\/internova.htm\">InterNova: the magazine of international science fiction<\/a>\u00a0(affiliated with Infinity Plus: Sf, Fantasy, Horror)<br \/>\n<a href=\"http:\/\/ttapress.com\/interzone\/\">Interzone<\/a>\u00a0(affiliated with tta press)<br \/>\n<a href=\"https:\/\/www.goodreads.com\/series\/258094-jungle-jim\">Jungle Jim<\/a>\u00a0(link to book series on GoodReads) (Africa, in English)<br \/>\n<a href=\"http:\/\/www.lightspeedmagazine.com\/\">Lightspeed: Science Fiction &amp; Fantasy<\/a><br \/>\n<a href=\"http:\/\/fantastica.ro\/\">Literatura fantastic\u0103 rom\u00e2neasc\u0103<\/a> <span style=\"font-size: 1rem\">(in Romanian)<\/span><br \/>\n<a href=\"http:\/\/www.locusmag.com\/Roundtable\/2012\/07\/locus-series-on-translated-sf-and-sf-that-should-be-translated\/\">Locus: Science Fiction, Fantasy, Horror<\/a><br \/>\n<a href=\"http:\/\/www.sfsite.com\/fsf\/\">The Magazine of Fantasy and Science Fiction<\/a><br \/>\n<a href=\"https:\/\/nemira.ro\/carte\/fiction\/science-fiction-fantasy\">Nemira<\/a> (in Romanian)<br \/>\n<a href=\"http:\/\/www.neo-opsis.ca\/\">Neo-Opsis<\/a><br \/>\n<a href=\"http:\/\/neural.it\/\">Neural: Critical Digital Culture and Media Arts<\/a><br \/>\n<a href=\"http:\/\/www.luminist.org\/archives\/SF\/NW.htm\">New Worlds<\/a><br \/>\n<a href=\"https:\/\/omnimagazine.com\/\">Omni Magazine<\/a><br \/>\n<a href=\"https:\/\/onspecmag.wpcomstaging.com\/\">On Spec<\/a><br \/>\n<a href=\"https:\/\/www.pulpmags.org\/index.htm\">The Pulp Magazines Project<\/a>\u00a0(\u201can open-access archive and digital research initiative for the study and preservation of one of the twentieth century&#8217;s most influential print culture forms: the all-fiction pulpwood magazine\u2026.also provides information and resources on publishing history, multiple search and discovery platforms, and an expanding library of high-quality, cover-to-cover digital facsimiles.\u201d)<br \/>\nMessengers from the Stars (Portugal, in English) (site is difficult to access but exists)<a href=\"http:\/\/www.lightspeedmagazine.com\/\"><br \/>\n<\/a><a href=\"https:\/\/www.pmachinery.de\/archive\/18\">P.machinery<\/a> (in German)<br \/>\n<a href=\"http:\/\/www.concatenation.org\/\">The Science Fact &amp; Science Fiction Concatenation<\/a><br \/>\n<a href=\"http:\/\/www.luminist.org\/archives\/SF\/SCF.htm\">Science Fantasy<\/a><br \/>\n<a href=\"https:\/\/www.shimmerzine.com\/\">Shimmer magazine<\/a><br \/>\n<a href=\"https:\/\/solarpunkmagazine.com\/about\/\">Solarpunk Magazine: Demand Utopia<\/a><br \/>\n<a href=\"https:\/\/spaceandtime.net\/\">Space and Time<\/a><br \/>\n<a href=\"https:\/\/startlingstories.us\/\">Startling Stories<\/a><br \/>\n<a href=\"http:\/\/www.strangehorizons.com\/\">Strange Horizons<\/a><br \/>\n<a href=\"https:\/\/www.pulpmagazines.org\/tales-of-wonder\/\">Tales of Wonder<\/a><br \/>\n<a href=\"https:\/\/www.tor.com\/\">Tor<\/a><br \/>\n<a href=\"http:\/\/uncannymagazine.com\/\">Uncanny Magazine: A Magazine of Science Fiction and Fantasy<\/a><br \/>\n<a href=\"https:\/\/onlinebooks.library.upenn.edu\/webbin\/serial?id=wonderstories\">Wonder Stories<\/a><\/p>\n<hr \/>\n<p><strong>Destroy series:<\/strong><br \/>\n<a href=\"http:\/\/www.destroysf.com\/people-of-colour-destroy-science-fiction\/\">People of Color Destroy Science Fiction<\/a><br \/>\n<a href=\"http:\/\/www.destroysf.com\/table-of-contents-queers-destroy-science-fiction\/\">Queers Destroy Science Fiction<\/a><br \/>\n<a href=\"http:\/\/www.destroysf.com\/women-destroy-science-fiction\/\">Women Destroy Science Fiction<\/a><\/p>\n<hr \/>\n<p style=\"font-weight: 400\"><b>Questions, suggestions, and recommendations:<br \/>\n<\/b><span style=\"font-weight: 400\">These are welcome and may be sent to Arielle Saiber: <\/span><span style=\"font-weight: 400\">asaiber@bowdoin.edu<\/span><\/p>\n<hr \/>\n<p style=\"text-align: left\"><strong>Copyright Information:<\/strong><br \/>\nThe information on this website is licensed under <a href=\"http:\/\/creativecommons.org\/licenses\/by-nc\/4.0\/\">Creative Commons 4.0<\/a>.<br \/>\nThe images are \u00a9 <a href=\"http:\/\/francobrambilla.com\/home.html\">Franco Brambilla<\/a>.<br \/>\n<img loading=\"lazy\" decoding=\"async\" src=\"http:\/\/i.creativecommons.org\/l\/by-nc\/3.0\/88x31.png\" alt=\"\" width=\"88\" height=\"31\" \/><\/p>\n","protected":false},"excerpt":{"rendered":"<p>A small selection of SF magazines online Albedo Amazing stories Analog: Science Fiction and Fact Andromeda Spaceways Magazine Apex magazine Aurealis (Australian fantasy and science fiction) Authentic Science Fiction Magazine Azimov&#8217;s Science Fiction Black Static Clarkesworld: Science Fiction &amp; Fantasy Magazine Fantascienza.com (in Italian) Fantastic Adventures Fantastik (in Dutch) Fantastyka (in Polish) Future Science Fiction [&hellip;]<\/p>\n","protected":false},"author":134,"featured_media":0,"parent":0,"menu_order":0,"comment_status":"closed","ping_status":"closed","template":"","meta":{"footnotes":""},"class_list":["post-33","page","type-page","status-publish","hentry"],"_links":{"self":[{"href":"https:\/\/courses.bowdoin.edu\/italian-2500\/wp-json\/wp\/v2\/pages\/33","targetHints":{"allow":["GET"]}}],"collection":[{"href":"https:\/\/courses.bowdoin.edu\/italian-2500\/wp-json\/wp\/v2\/pages"}],"about":[{"href":"https:\/\/courses.bowdoin.edu\/italian-2500\/wp-json\/wp\/v2\/types\/page"}],"author":[{"embeddable":true,"href":"https:\/\/courses.bowdoin.edu\/italian-2500\/wp-json\/wp\/v2\/users\/134"}],"replies":[{"embeddable":true,"href":"https:\/\/courses.bowdoin.edu\/italian-2500\/wp-json\/wp\/v2\/comments?post=33"}],"version-history":[{"count":0,"href":"https:\/\/courses.bowdoin.edu\/italian-2500\/wp-json\/wp\/v2\/pages\/33\/revisions"}],"wp:attachment":[{"href":"https:\/\/courses.bowdoin.edu\/italian-2500\/wp-json\/wp\/v2\/media?parent=33"}],"curies":[{"name":"wp","href":"https:\/\/api.w.org\/{rel}","templated":true}]}}