{"id":2,"date":"2010-03-08T16:48:24","date_gmt":"2010-03-08T21:48:24","guid":{"rendered":"https:\/\/courses.bowdoin.edu\/french-difficulties\/about-2\/"},"modified":"2018-08-01T15:06:36","modified_gmt":"2018-08-01T15:06:36","slug":"about-2","status":"publish","type":"page","link":"https:\/\/courses.bowdoin.edu\/ladepanneuse\/","title":{"rendered":"Notre but"},"content":{"rendered":"<p>Ce site cherche \u00e0 r\u00e9pondre aux questions les plus communes des \u00e9tudiant\u00b7e\u00b7s anglophones pour les aider \u00e0 progresser dans leur apprentissage de la langue fran\u00e7aise. &#8220;La d\u00e9panneuse,&#8221; qui signifie &#8220;towtruck,&#8221; est un jeu de mots. Tout comme une d\u00e9panneuse vient en aide aux conducteurs\u00b7rices en panne au bord de la route, ce site vient en aide aux \u00e9tudiant\u00b7e\u00b7s de fran\u00e7ais qui sont en panne linguistique. En fran\u00e7ais, &#8220;d\u00e9panner quelqu&#8217;un&#8221; a le sens plus large d'&#8221;aider une personne en cas de difficult\u00e9.&#8221; Notre but, c&#8217;est de &#8220;d\u00e9panner&#8221; les \u00e9tudiant\u00b7e\u00b7s de fran\u00e7ais qui ont besoin d&#8217;aide, les faire progresser dans leur ma\u00eetrise de la langue fran\u00e7aise et les encourager dans le d\u00e9veloppement de la sophistication de leur expression \u00e9crite et orale.<\/p>\n<p>Une d\u00e9panneuse ne vous aide pas \u00e0 apprendre \u00e0 conduire, mais peut vous secourir quand votre voiture tombe en panne.\u00a0Ce site, qui vise les \u00e9tudiant\u00b7e\u00b7s de fran\u00e7ais interm\u00e9diaires et avanc\u00e9\u00b7e\u00b7s, ne pr\u00e9tend pas pr\u00e9senter une grammaire compr\u00e9hensive. Plut\u00f4t, il aide les \u00e9tudiant\u00b7e\u00b7s qui ont d\u00e9j\u00e0 une bonne exp\u00e9rience en fran\u00e7ais \u00e0 naviguer les petits accidents de la langue fran\u00e7aise qu&#8217;ils\/elles rencontrent sur leur route, en pr\u00e9sentant des explications aux questions, aux confusions et aux points de difficult\u00e9 qui surgissent les plus r\u00e9guli\u00e8rement pour les \u00e9tudiant\u00b7e\u00b7s anglophones.<\/p>\n<p>This site aims to respond to common questions from anglophone students to help them progress in their study of the French language. &#8220;La d\u00e9panneuse,&#8221; which means &#8220;towtruck,&#8221; is a play on words. Just like how a towtruck helps drivers in trouble on the road, this site comes to the aid of students who are trouble linguistically. In French, &#8220;d\u00e9panner&#8221; someone means to help someone in a difficult spot. Our goal is to &#8220;d\u00e9panner&#8221; students of French who need help, to help them progress in their mastery of the French language and to encourage sophisticated techniques and strategies for written and verbal expression.<\/p>\n<p>A towtruck does not help teach you how to drive, but can help you when your car is in trouble. This site, aimed at intermediate and advanced French learners, does not pretend to be a comprehensive grammar book. Instead, it is meant to help students who already have experience in French to navigate small accidents in the French language that they will encounter on the road, by presenting explanations to questions, clarifying confusions and points of difficulty that commonly affect anglophone students.<\/p>\n<p>Ce site a \u00e9t\u00e9 r\u00e9alis\u00e9 par Professeure Katherine Dauge-Roth et Kylie Best avec le soutien du Gibbons Fellowship Program et le d\u00e9partement de Academic Technology \u00e0 Bowdoin College.\u00a0<span style=\"font-size: 1rem\">Conception graphique: Claire Dauge-Roth.<\/span><\/p>\n<p>This site was created by Professor Katherine Dauge-Roth and Kylie Best with the support of the Gibbons Fellowship Program and the department of Academic Technology at Bowdoin College. Graphic: Claire Dauge-Roth.<\/p>\n<div class=\"tptn_posts   tptn_posts_shortcode   tptn-text-only\"><h3>Entr\u00e9es les plus consult\u00e9es<\/h3><ul><li><span class=\"tptn_after_thumb\"><a href=\"https:\/\/courses.bowdoin.edu\/ladepanneuse\/2018\/06\/27\/formel-informel\/\"     class=\"tptn_link\"><span class=\"tptn_title\">Langage formel et informel<\/span><\/a><\/span><\/li><li><span class=\"tptn_after_thumb\"><a href=\"https:\/\/courses.bowdoin.edu\/ladepanneuse\/2018\/07\/24\/pronoms-disjoints-ou-toniques\/\"     class=\"tptn_link\"><span class=\"tptn_title\">Pronoms disjoints ou toniques<\/span><\/a><\/span><\/li><li><span class=\"tptn_after_thumb\"><a href=\"https:\/\/courses.bowdoin.edu\/ladepanneuse\/2018\/07\/31\/vocabulaire-utile-pour-parler-de-la-litterature-et-des-films\/\"     class=\"tptn_link\"><span class=\"tptn_title\">Vocabulaire utile pour parler de la litt\u00e9rature et des films<\/span><\/a><\/span><\/li><li><span class=\"tptn_after_thumb\"><a href=\"https:\/\/courses.bowdoin.edu\/ladepanneuse\/2018\/07\/24\/verbes-avec-differentes-prepositions-et-senses\/\"     class=\"tptn_link\"><span class=\"tptn_title\">Verbes avec diff\u00e9rentes pr\u00e9positions et sens<\/span><\/a><\/span><\/li><li><span class=\"tptn_after_thumb\"><a href=\"https:\/\/courses.bowdoin.edu\/ladepanneuse\/2018\/07\/30\/conseils-pour-structurer-les-phrases\/\"     class=\"tptn_link\"><span class=\"tptn_title\">Conseils pour structurer les phrases<\/span><\/a><\/span><\/li><li><span class=\"tptn_after_thumb\"><a href=\"https:\/\/courses.bowdoin.edu\/ladepanneuse\/2018\/07\/23\/anglicisme-actuellement\/\"     class=\"tptn_link\"><span class=\"tptn_title\">Anglicisme: Actuellement et actuel\u00b7le<\/span><\/a><\/span><\/li><li><span class=\"tptn_after_thumb\"><a href=\"https:\/\/courses.bowdoin.edu\/ladepanneuse\/2018\/07\/24\/aussi-places-et-significations\/\"     class=\"tptn_link\"><span class=\"tptn_title\">\u00ab Aussi \u00bb : places et significations<\/span><\/a><\/span><\/li><li><span class=\"tptn_after_thumb\"><a href=\"https:\/\/courses.bowdoin.edu\/ladepanneuse\/2018\/07\/23\/anglicisme-assister\/\"     class=\"tptn_link\"><span class=\"tptn_title\">Anglicisme: assister<\/span><\/a><\/span><\/li><li><span class=\"tptn_after_thumb\"><a href=\"https:\/\/courses.bowdoin.edu\/ladepanneuse\/2018\/07\/24\/pronoms-dobjet-direct-et-indirect\/\"     class=\"tptn_link\"><span class=\"tptn_title\">Pronoms d&#8217;objet direct et indirect<\/span><\/a><\/span><\/li><li><span class=\"tptn_after_thumb\"><a href=\"https:\/\/courses.bowdoin.edu\/ladepanneuse\/2018\/07\/24\/comparatifs-de-superiorite-ou-dinferiorite-plus-ou-moins\/\"     class=\"tptn_link\"><span class=\"tptn_title\">Comparatifs de sup\u00e9riorit\u00e9 ou d&#8217;inf\u00e9riorit\u00e9:&hellip;<\/span><\/a><\/span><\/li><\/ul><div class=\"tptn_clear\"><\/div><\/div>\n","protected":false},"excerpt":{"rendered":"<p>Ce site cherche \u00e0 r\u00e9pondre aux questions les plus communes des \u00e9tudiant\u00b7e\u00b7s anglophones pour les aider \u00e0 progresser dans leur apprentissage de la langue fran\u00e7aise. &#8220;La d\u00e9panneuse,&#8221; qui signifie &#8220;towtruck,&#8221; est un jeu de mots. Tout comme une d\u00e9panneuse vient en aide aux conducteurs\u00b7rices en panne au bord de la route, ce site vient en [&hellip;]<\/p>\n","protected":false},"author":9,"featured_media":0,"parent":0,"menu_order":0,"comment_status":"closed","ping_status":"closed","template":"","meta":{"footnotes":""},"class_list":["post-2","page","type-page","status-publish","hentry"],"_links":{"self":[{"href":"https:\/\/courses.bowdoin.edu\/ladepanneuse\/wp-json\/wp\/v2\/pages\/2","targetHints":{"allow":["GET"]}}],"collection":[{"href":"https:\/\/courses.bowdoin.edu\/ladepanneuse\/wp-json\/wp\/v2\/pages"}],"about":[{"href":"https:\/\/courses.bowdoin.edu\/ladepanneuse\/wp-json\/wp\/v2\/types\/page"}],"author":[{"embeddable":true,"href":"https:\/\/courses.bowdoin.edu\/ladepanneuse\/wp-json\/wp\/v2\/users\/9"}],"replies":[{"embeddable":true,"href":"https:\/\/courses.bowdoin.edu\/ladepanneuse\/wp-json\/wp\/v2\/comments?post=2"}],"version-history":[{"count":0,"href":"https:\/\/courses.bowdoin.edu\/ladepanneuse\/wp-json\/wp\/v2\/pages\/2\/revisions"}],"wp:attachment":[{"href":"https:\/\/courses.bowdoin.edu\/ladepanneuse\/wp-json\/wp\/v2\/media?parent=2"}],"curies":[{"name":"wp","href":"https:\/\/api.w.org\/{rel}","templated":true}]}}