{"id":47,"date":"2018-12-20T10:23:08","date_gmt":"2018-12-20T15:23:08","guid":{"rendered":"https:\/\/courses.bowdoin.edu\/sociology-3010-spring-2018\/?page_id=47"},"modified":"2019-05-05T23:03:39","modified_gmt":"2019-05-06T03:03:39","slug":"log-10","status":"publish","type":"page","link":"https:\/\/courses.bowdoin.edu\/sociology-3010a-spring-2019-cholguin\/data-collection-logs\/log-10\/","title":{"rendered":"May 1"},"content":{"rendered":"<ul>\n<li><em>Between weeks 8 and 12, each student should provide a weekly reflection (500 words) on the data you have collected to date. <\/em>\n<ul>\n<li><em>What data did you collect?<\/em>\n<ul>\n<li>This past week, I collected two forms of data. First I collected an interview which my father conducted down in Hurley, Mexico. The second form of information I gathered was on the process Acid Mine Drainage as well as health outcomes of those who are exposed to copper smelter processes.<\/li>\n<\/ul>\n<\/li>\n<li><em>What is your initial impression of the data?<\/em>\n<ul>\n<li>I am still going through all of it, but I now have a solid grasp on some of the chemistry behind sulfuric acid and the environmental dangers it causes as well as the<\/li>\n<\/ul>\n<\/li>\n<li><em>How have the data you have collected this week changed\/progressed your thinking about your research project?<\/em>\n<ul>\n<li>I am now realizing the scale and the time which not only Hurley, but also the greater valley which opens towards El Paso could become uninhabitable for. Thus, I am now thinking in larger scales.<\/li>\n<\/ul>\n<\/li>\n<li><em>What challenges did you encounter while collecting the data?<\/em>\n<ul>\n<li>I am having to lean on friends to understand a lot of the scientific jargon<\/li>\n<\/ul>\n<\/li>\n<li><em>What are your next steps?<\/em>\n<ul>\n<li>I am going to potentially interview a friend over the weekend on the process of leaching. I have given up on professor Camill. He is obviously too busy.<\/li>\n<\/ul>\n<\/li>\n<li>2-3 annotations.\n<ul>\n<li>Akcil, Ata and Soner Koldas. 2006. \u201cAcid Mine Drainage (AMD): Causes, Treatment and Case Studies.\u201d <i>Journal of Cleaner Production<\/i> 14(12\u201313):1139\u201345.Anupama Chandrasekaran. 2013. \u201cIndia\u2019s Largest Copper Smelter Ignites Toxic Debate &#8211; Reuters.\u201d <i>Reuters<\/i>. Retrieved April 28, 2019 (https:\/\/www.reuters.com\/article\/us-india-sterlite-town\/indias-largest-copper-smelter-ignites-toxic-debate-idUSBRE93803X20130409).\n<p>Baker, Edward L., Carl G. Hayes, Philip J. Landrigan, Jan L. Handke, Ronald T. Leger, W. Jere Housworth, and J. Malcolm Harrington. 1977. \u201cA NATIONWIDE SURVEY OF HEAVY METAL ABSORPTION IN CHILDREN LIVING NEAR PRIMARY COPPER, LEAD, AND ZINC SMELTERS.\u201d <i>American Journal of Epidemiology<\/i> 106(4):261\u201373.<\/p>\n<p>Carrizales, Leticia, Israel Razo, Jes\u00fas I. T\u00e9llez-Hern\u00e1ndez, Roc\u00edo Torres-Nerio, Arturo Torres, Lilia E. Batres, Ana-Cristina Cubillas, and Fernando D\u00edaz-Barriga. 2006. \u201cExposure to Arsenic and Lead of Children Living near a Copper-Smelter in San Luis Potosi, Mexico: Importance of Soil Contamination for Exposure of Children.\u201d <i>Environmental Research<\/i> 101(1):1\u201310.<\/p>\n<p>Charles E. Ophardt. 2003. \u201cCopper Smelter.\u201d <i>Virtual Chembook<\/i>. Retrieved April 28, 2019 (http:\/\/chemistry.elmhurst.edu\/vchembook\/335coppersmelter.html).<\/p>\n<p>EarthJustice. 2003. \u201cToxic Air Pollution from Copper Smelters Challenged.\u201d <i>Earthjustice<\/i>. Retrieved April 28, 2019 (https:\/\/earthjustice.org\/news\/press\/2003\/toxic-air-pollution-from-copper-smelters-challenged).<\/p>\n<p>Gerhardsson, Lars, Vagn Englyst, Nils-G\u00f6ran Lundstr\u00f6m, Susanne Sandberg, and Gunnar Nordberg. 2002. \u201cCadmium, Copper and Zinc in Tissues of Deceased Copper Smelter Workers.\u201d <i>Journal of Trace Elements in Medicine and Biology<\/i> 16(4):261\u201366.<\/p>\n<p>Gray, N. F. 1997. \u201cEnvironmental Impact and Remediation of Acid Mine Drainage: A Management Problem.\u201d <i>Environmental Geology<\/i> 30(1\u20132):62\u201371.<\/p>\n<p>GreenSpec. N\/A. \u201cCopper Production &amp; Environmental Impact.\u201d Retrieved April 28, 2019 (http:\/\/www.greenspec.co.uk\/building-design\/copper-production-environmental-impact\/).<\/p>\n<p>Grout, J. A. and C. D. Levings. 2001. \u201cEffects of Acid Mine Drainage from an Abandoned Copper Mine, Britannia Mines, Howe Sound, British Columbia, Canada, on Transplanted Blue Mussels (Mytilus Edulis).\u201d <i>Marine Environmental Research<\/i> 51(3):265\u201388.<\/p>\n<p>Halatek, Tadeusz, Halina Sinczuk-Walczak, Beata Janasik, Malgorzata Trzcinka-Ochocka, Renata Winnicka, and Wojciech Wasowicz. 2014. \u201cHealth Effects and Arsenic Species in Urine of Copper Smelter Workers.\u201d <i>Journal of Environmental Science and Health, Part A<\/i> 49(7):787\u201397.<\/p>\n<p>Huggard, Christopher J. and Terrence M. Humble. 2012. <i>Santa Rita Del Cobre: A Copper Mining Community in New Mexico<\/i>. Boulder: University Press of Colorado.<\/p>\n<p>Komnitsas, K., A. Kontopoulos, I. Lazar, and M. Cambridge. 1998. \u201cRisk Assessment and Proposed Remedial Actions in Coastal Tailings Disposal Sites in Romania.\u201d <i>Minerals Engineering<\/i> 11(12):1179\u201390.<\/p>\n<p>Mattson, Margaret E. and Tee L. Guidotti. 1980. \u201cHealth Risks Associated with Residence near a Primary Copper Smelter: A Preliminary Report.\u201d <i>American Journal of Industrial Medicine<\/i> 1(3\u20134):365\u201374.<\/p>\n<p>N\/A. 1994. \u201cTechnical Document: Acid Mine Drainage Prediction.\u201d<\/p>\n<p>Nixon, Rob. 2011. <i>Slow Violence and the Environmentalism of the Poor<\/i>. Cambridge, Mass: Harvard University Press.<\/p>\n<p>Polissar, Lincoln, Kim Lowry-Coble, David A. Kalman, James P. Hughes, Gerald van Belle, David S. Covert, Thomas M. Burbacher, Douglas Bolgiano, and N. Karle Mottet. 1990. \u201cPathways of Human Exposure to Arsenic in a Community Surrounding a Copper Smelter.\u201d <i>Environmental Research<\/i> 53(1):29\u201347.<\/p>\n<p>Pope, C. Arden, Douglas L. Rodermund, and Matthew M. Gee. 2007. \u201cMortality Effects of a Copper Smelter Strike and Reduced Ambient Sulfate Particulate Matter Air Pollution.\u201d <i>Environmental Health Perspectives<\/i> 115(5):679\u201383.<\/p>\n<p>S\u00e1nchez, M. A., International Conference on Clean Technologies for the Mining Industry, and Universidad de Concepci\u00f3n, eds. 1998. <i>Environment &amp; Innovation in Mining and Mineral Technology: Proceedings of the IV International Conference on Clean Technologies for the Mining Industry, Santiago, Chile, May 13 &#8211; 15, 1998. Vol. 1: &#8230;<\/i> Concepci\u00f3n: Univ.<\/p>\n<p>SOSbluewaters. N\/A. \u201cWhat Is Acid Mine Drainage.\u201d<\/p>\n<p>Tsing, Anna Lowenhaupt. 2015. <i>The Mushroom at the End of the World: On the Possibility of Life in Capitalist Ruins<\/i>.<\/p>\n<p>US EPA, OAR. 2015. \u201cTENORM: Copper Mining and Production Wastes.\u201d <i>US EPA<\/i>. Retrieved April 28, 2019 (https:\/\/www.epa.gov\/radiation\/tenorm-copper-mining-and-production-wastes).<\/p>\n<p>USGS. N\/A. \u201cHow Does Mine Drainage Occur?\u201d<\/p>\n<p>Walley, Christine J. 2013. <i>Exit Zero: Family and Class in Postindustrial Chicago<\/i>. Chicago\u202f; London: The University of Chicago Press.<\/p>\n<p>Willie Scott. N\/A. \u201cCopper Smelting Process &#8211; Furnaces Used, By-Products, and Process Used to Smelt Copper.\u201d <i>Bright Hub Engineering: Manufacturing Technology<\/i>. Retrieved April 28, 2019 (https:\/\/www.brighthubengineering.com\/manufacturing-technology\/68414-smelting-copper-from-ore\/).<\/li>\n<li>Added at a later time:<\/li>\n<\/ul>\n<\/li>\n<\/ul>\n<\/li>\n<\/ul>\n<p>Alan Miller. 2018. \u201cThe Impacts of Heavy Metal Toxicity.\u201d <i>Thorne<\/i>. Retrieved May 4, 2019 (https:\/\/www.thorne.com\/take-5-daily\/article\/the-impacts-of-heavy-metal-toxicity).<\/p>\n<p>Correia, David. 2013. \u201cThe Toxic Tales of Susana Martinez: How Mining Giant Freeport McMoRan Is Rewriting Environmental Laws in New Mexico.\u201d <i>Alibi<\/i>. Retrieved May 5, 2019 (https:\/\/alibi.com\/news\/45049\/story.html).<\/p>\n<p>F. D. Trauger. 1972. <i>Water Resources and General Geology of Grant County, New Mexico<\/i>. <i>U.S. Geological Survey<\/i>. Grant County, New Mexico: New Mexico State Bureau of Mines and Mineral Resources.<\/p>\n<p>GILA Resource Information Project. 2018. \u201cChino AOC Update: Freeport Begins Hanover\/Whitewater Creek Cleanup \u00ab\u202fGila Resources Information Project.\u201d <i>Gila Resources Information Project<\/i>. Retrieved May 5, 2019 (http:\/\/gilaresources.info\/wp\/blog\/2018\/10\/29\/hanoverwhitewater-creek-cleanup-open-house-tuesday-oct-30th\/).<\/p>\n<p>Graves, Robert. N\/A. \u201cChino, Cobre, and Tyrone Mines \u2013 Office of Natural Resources Trustee.\u201d Retrieved May 5, 2019 (https:\/\/onrt.env.nm.gov\/chino-cobre-and-tyrone-mines\/).<\/p>\n<p>J Henry Fair. 2016. <i>Copper \u2013 Hurley, New Mexico US<\/i>.<\/p>\n<p>Jaishankar, Monisha, Tenzin Tseten, Naresh Anbalagan, Blessy B. Mathew, and Krishnamurthy N. Beeregowda. 2014. \u201cToxicity, Mechanism and Health Effects of Some Heavy Metals.\u201d <i>Interdisciplinary Toxicology<\/i> 7(2):60\u201372.<\/p>\n<p>J\u00e4rup, Lars. 2003. \u201cHazards of Heavy Metal Contamination.\u201d <i>British Medical Bulletin<\/i> 68(1):167\u201382.<\/p>\n<p>Lisa Summi and Bonnie Gestring. May 23. <i>Polluting the Future: How Mining Companies Are Contaminating Our Nation\u2019s Waters in Perpetuity<\/i>. <i>Science Report<\/i>. Washington DC: EarthWorks.<\/p>\n<p>New Mexico Environment Department Ground Water Quality Bureau. 2009. \u201cNotice Is Hereby given Pursuant to 20.6.2.3108 NMAC, the Following Proposed Ground Water Discharge Permit Applications Have Been Submitted to the New Mexico Environment Department (NMED) for Review.\u201d <i>Public Notice 1<\/i> 5.<\/p>\n<p>NORD (National Organization for Rare Disorders). 1989. \u201cHeavy Metal Poisoning.\u201d <i>NORD (National Organization for Rare Disorders)<\/i>. Retrieved May 4, 2019 (https:\/\/rarediseases.org\/rare-diseases\/heavy-metal-poisoning\/).<\/p>\n<p>Rehman, Kanwal, Fiza Fatima, Iqra Waheed, and Muhammad Sajid Hamid Akash. 2018. \u201cPrevalence of Exposure of Heavy Metals and Their Impact on Health Consequences.\u201d <i>Journal of Cellular Biochemistry<\/i> 119(1):157\u201384.<\/p>\n<p>Robert Goyer. 2004. \u201cISSUE PAPER ON THE HUMAN HEALTH EFFECTS OF METALS.\u201d<\/p>\n<p>Sabine Martin and Wendy Griswold. 2009. \u201cHuman Health Effects of Heavy Metals.\u201d <i>Environmental Science and Technology Briefs for Citizens<\/i> (15):1\u20136.<\/p>\n<p>Tchounwou, Paul B., Clement G. Yedjou, Anita K. Patlolla, and Dwayne J. Sutton. 2012. \u201cHeavy Metal Toxicity and the Environment.\u201d Pp. 133\u201364 in <i>Molecular, Clinical and Environmental Toxicology<\/i>. Vol. 101, edited by A. Luch. Basel: Springer Basel.<\/p>\n<p>The New Mexico Office of Natural Resources Trustee. 2012. <i>Final Groundwater Restoration Plan for the Chino, Cobre, and Tyrone Mine Facilities<\/i>. 4910-A Alameda Boulevard NE Albuquerque, NM 87113: New Mexico Office of Natural Resources Trustee.<\/p>\n","protected":false},"excerpt":{"rendered":"<p>Between weeks 8 and 12, each student should provide a weekly reflection (500 words) on the data you have collected to date. What data did you collect? This past week, I collected two forms of data. First I collected an interview which my father conducted down in Hurley, Mexico. The second form of information I &hellip; <a href=\"https:\/\/courses.bowdoin.edu\/sociology-3010a-spring-2019-cholguin\/data-collection-logs\/log-10\/\" class=\"more-link\">Continue reading<span class=\"screen-reader-text\"> &#8220;May 1&#8221;<\/span><\/a><\/p>\n","protected":false},"author":2,"featured_media":0,"parent":15,"menu_order":10,"comment_status":"open","ping_status":"closed","template":"","meta":{"footnotes":""},"class_list":["post-47","page","type-page","status-publish","hentry"],"_links":{"self":[{"href":"https:\/\/courses.bowdoin.edu\/sociology-3010a-spring-2019-cholguin\/wp-json\/wp\/v2\/pages\/47","targetHints":{"allow":["GET"]}}],"collection":[{"href":"https:\/\/courses.bowdoin.edu\/sociology-3010a-spring-2019-cholguin\/wp-json\/wp\/v2\/pages"}],"about":[{"href":"https:\/\/courses.bowdoin.edu\/sociology-3010a-spring-2019-cholguin\/wp-json\/wp\/v2\/types\/page"}],"author":[{"embeddable":true,"href":"https:\/\/courses.bowdoin.edu\/sociology-3010a-spring-2019-cholguin\/wp-json\/wp\/v2\/users\/2"}],"replies":[{"embeddable":true,"href":"https:\/\/courses.bowdoin.edu\/sociology-3010a-spring-2019-cholguin\/wp-json\/wp\/v2\/comments?post=47"}],"version-history":[{"count":0,"href":"https:\/\/courses.bowdoin.edu\/sociology-3010a-spring-2019-cholguin\/wp-json\/wp\/v2\/pages\/47\/revisions"}],"up":[{"embeddable":true,"href":"https:\/\/courses.bowdoin.edu\/sociology-3010a-spring-2019-cholguin\/wp-json\/wp\/v2\/pages\/15"}],"wp:attachment":[{"href":"https:\/\/courses.bowdoin.edu\/sociology-3010a-spring-2019-cholguin\/wp-json\/wp\/v2\/media?parent=47"}],"curies":[{"name":"wp","href":"https:\/\/api.w.org\/{rel}","templated":true}]}}